{"id":1032,"date":"2019-09-06T11:25:07","date_gmt":"2019-09-06T11:25:07","guid":{"rendered":"http:\/\/krain.de\/?page_id=1032"},"modified":"2019-09-06T11:26:36","modified_gmt":"2019-09-06T11:26:36","slug":"sinneslust-1","status":"publish","type":"page","link":"http:\/\/krain.de\/?page_id=1032","title":{"rendered":"SinnesLust 1"},"content":{"rendered":"<div id=\"attachment_1025\" style=\"width: 337px\" class=\"wp-caption alignleft\"><img aria-describedby=\"caption-attachment-1025\" loading=\"lazy\" class=\"wp-image-1025\" src=\"http:\/\/krain.de\/wp-content\/uploads\/2019\/09\/Sinneslust-1.jpg\" alt=\"\" width=\"327\" height=\"480\" srcset=\"http:\/\/krain.de\/wp-content\/uploads\/2019\/09\/Sinneslust-1.jpg 564w, http:\/\/krain.de\/wp-content\/uploads\/2019\/09\/Sinneslust-1-205x300.jpg 205w\" sizes=\"(max-width: 327px) 100vw, 327px\" \/><p id=\"caption-attachment-1025\" class=\"wp-caption-text\">glamorous portrait of a pair of vampire lovers<\/p><\/div>\n<p>In diesem eBook vereinigt der Ashera-Verlag viele phantastische Erotik-Geschichten aus lange vergriffenen Anthologien. Auch meine Beitr\u00e4ge &#8222;BLUTJUNG, der Vampir, der mich liebte&#8220; (erstmals erschienen in der gleichnamigen Hardcover-Edition &#8222;<a href=\"http:\/\/krain.de\/?page_id=990\">BLUTJUNG, der Vampir, der mich liebte<\/a>&#8222;) sowie &#8222;Tynvars K\u00e4tzchen&#8220; (erstmals erschienen in &#8222;<a href=\"http:\/\/krain.de\/?page_id=916\">Dark Ladies 3<\/a>&#8222;) haben hier ein neues Zuhause gefunden.<\/p>\n<hr \/>\n<p>Anthologie &#8211; Erotik<br \/>\nAshera-Verlag<br \/>\n<a href=\"http:\/\/www.amazon.de\/dp\/B07S7B6XK9\" target=\"_blank\" rel=\"noopener noreferrer\"><strong>eBook 4,99 \u20ac<\/strong><\/a><br \/>\nCover: Atelier Bonzai<\/p>\n<h5><strong>Klappentext:<\/strong><\/h5>\n<p>Unsere Sinne sind es, die uns Mensch sein lassen.<br \/>\nBesonders unsere k\u00f6rperlichen.<br \/>\nBei dem einen sind sie zarter, bei dem anderen st\u00e4rker ausgepr\u00e4gt.<br \/>\nWir alle wollen sie leben, die Lust genie\u00dfen.<br \/>\nEgal in welcher Form.<\/p>\n<p>In SINNESLUST 1 entf\u00fchren die Autoren Robin Aurelia, Barbara B\u00fcchner, Tanya Carpenter, Guido Krain, Aino Laos, Karl-Georg M\u00fcller und Jennifer Schreiner die Leser in fantastische Erotikgeschichten.<\/p>\n<p><em>Mit einem Vorwort von Alisha Bionda<\/em><\/p>\n<hr \/>\n<p>&nbsp;<\/p>\n","protected":false},"excerpt":{"rendered":"<p>In diesem eBook vereinigt der Ashera-Verlag viele phantastische Erotik-Geschichten aus lange vergriffenen Anthologien. Auch meine Beitr\u00e4ge [&hellip;]<\/p>\n","protected":false},"author":1,"featured_media":0,"parent":0,"menu_order":0,"comment_status":"closed","ping_status":"closed","template":"","meta":[],"_links":{"self":[{"href":"http:\/\/krain.de\/index.php?rest_route=\/wp\/v2\/pages\/1032"}],"collection":[{"href":"http:\/\/krain.de\/index.php?rest_route=\/wp\/v2\/pages"}],"about":[{"href":"http:\/\/krain.de\/index.php?rest_route=\/wp\/v2\/types\/page"}],"author":[{"embeddable":true,"href":"http:\/\/krain.de\/index.php?rest_route=\/wp\/v2\/users\/1"}],"replies":[{"embeddable":true,"href":"http:\/\/krain.de\/index.php?rest_route=%2Fwp%2Fv2%2Fcomments&post=1032"}],"version-history":[{"count":3,"href":"http:\/\/krain.de\/index.php?rest_route=\/wp\/v2\/pages\/1032\/revisions"}],"predecessor-version":[{"id":1034,"href":"http:\/\/krain.de\/index.php?rest_route=\/wp\/v2\/pages\/1032\/revisions\/1034"}],"wp:attachment":[{"href":"http:\/\/krain.de\/index.php?rest_route=%2Fwp%2Fv2%2Fmedia&parent=1032"}],"curies":[{"name":"wp","href":"https:\/\/api.w.org\/{rel}","templated":true}]}}