{"id":1045,"date":"2019-09-06T12:02:07","date_gmt":"2019-09-06T12:02:07","guid":{"rendered":"http:\/\/krain.de\/?page_id=1045"},"modified":"2019-09-06T12:02:18","modified_gmt":"2019-09-06T12:02:18","slug":"raederwerk-der-walkuere","status":"publish","type":"page","link":"http:\/\/krain.de\/?page_id=1045","title":{"rendered":"R\u00e4derwerk der Walk\u00fcre"},"content":{"rendered":"<p><img loading=\"lazy\" class=\"alignleft wp-image-808\" src=\"http:\/\/krain.de\/wp-content\/uploads\/2019\/09\/raederwerkderwalkuere.jpg\" alt=\"\" width=\"300\" height=\"480\" srcset=\"http:\/\/krain.de\/wp-content\/uploads\/2019\/09\/raederwerkderwalkuere.jpg 500w, http:\/\/krain.de\/wp-content\/uploads\/2019\/09\/raederwerkderwalkuere-188x300.jpg 188w\" sizes=\"(max-width: 300px) 100vw, 300px\" \/><\/p>\n<p>Steampunk und Fantasy sind zwei meiner drei Lieblingsgenres. So war ich beim Start der Reihe SteamFantasy im Arunya-Verlag Feuer und Flamme. Die B\u00fccher erscheinen &#8211; wie praktisch alle Prints des Verlags &#8211; als edle, farbig illustrierte Hardcover. Meine Novelle &#8222;R\u00e4derwerk der Walk\u00fcre&#8220; wurde offensichtlich nicht nur zur Titelstory, sondern dienst auch als Prolog zu meinem sp\u00e4ter in der gleichen Reihe erscheinenden Roman.<\/p>\n<hr \/>\n<p>Anthologie &#8211; Steamfantasy<br \/>\nArunya-Verlag<br \/>\n<a href=\"https:\/\/www.arunya-verlag.de\/?product=raederwerk-der-walkuere\" target=\"_blank\" rel=\"noopener noreferrer\"><strong>Hardcover 14,90 \u20ac<\/strong><\/a><br \/>\nISBN 978-3-95810-017-6<br \/>\n<a href=\"https:\/\/www.amazon.de\/gp\/product\/B07G91B45K\/ref=as_li_tl?ie=UTF8&amp;camp=1638&amp;creative=6742&amp;creativeASIN=B07G91B45K&amp;linkCode=as2&amp;tag=arunyaverla0f-21&amp;linkId=5d243f1e88ff968e9e1db453ba5b8005\" target=\"_blank\" rel=\"noopener noreferrer\">eBook 4,99 <strong>\u20ac<\/strong><\/a><br \/>\nCover- und Innengrafiken: Shikomo<\/p>\n<h5><strong>Klappentext:<\/strong><\/h5>\n<p>Eine Kopfgeldj\u00e4gerin auf dem Maschinenplaneten Ingenmachina, eine Zwergenprinzessin im Dampfzeitalter und eine junge Frau, die gerne Mechanikerin w\u00e4re und einen seltsamen, kleinen Mann trifft, der ihr Leben auf den Kopf stellt \u2013 Toni Alexander Ihme, Guido Krain, Tabea Petersen, Birgit Read, David Seinsche, Nadine Stenglein und Rebecca Timm betten ihre SteamPunk-Erz\u00e4hlungen in fantastische Welten ein. Lassen Sie sich von ihnen entf\u00fchren und erleben sie stimmungsvolle Abenteuer.<\/p>\n<p>\u201eR\u00e4derwerk der Walk\u00fcre\u201c ist der Opener unserer neuen SteamFantasy-Reihe, die unter der Federf\u00fchrung von Alisha Bionda erscheint.<\/p>\n<hr \/>\n<h5><\/h5>\n<h5>Mein Beitrag &#8222;R\u00e4derwerk der Walk\u00fcre&#8220;:<\/h5>\n<p>Diese Geschichte floss geradezu aus mir heraus. Der &#8230; nun &#8230; wie soll ich ihn nennen? &#8230; Nennen wir ihn das &#8222;d\u00e4monische Dickerchen&#8220;. Also dieser &#8222;Held&#8220; wird in seinem K\u00e4fig auf einem Luftschiff zu einem unbekannten Ziel transportiert. Dann trifft er auf eine schr\u00e4ge Truppe von &#8230; unfreiwilligen Varieteet\u00e4nzerinnen? Wie auch immer. Vielleicht muss man diese Geschichte einfach selbst lesen ;o)<\/p>\n<h5><strong>Pressestimmen:<\/strong><\/h5>\n<h6><\/h6>\n<blockquote><p><em><strong>&#8222;Egal, ob wir in ein Szenario entf\u00fchrt werden, das an die Schlachtfelder des Ersten Weltkriegs erinnert, oder einer jungen Dame aus guten Hause folgen, die ihrem Faible f\u00fcr den Umgang mit mechanischen Teilen fr\u00f6nt, ob wir an Bord von Luftschiffen eine etwas andere Entf\u00fchrung verfolgen oder gegen Terroristen antreten, den Untergang einer Welt dank r\u00fccksichtsloser Ausbeutung der Ressourcen miterleben, den Krieg gegen die Elfen verfolgen oder die Intrigen der k\u00f6niglichen Zwerge-Erbinnen beobachten, immer werden wir ansprechend und gut unterhalten. Eingeleitet wird jeder Beitrag durch eine zum Inhalt passende Farbillustration, die das Buch zu einem wahren Schmuckst\u00fcck macht.&#8220;<\/strong><\/em><\/p><\/blockquote>\n<h6 style=\"text-align: right;\"><em><strong>Carsten Kuhr (<a href=\"https:\/\/www.phantastiknews.de\/index.php\/rezensionen\/16079-alisha-bionda-hrsg-raederwerk-der-walkuere-steamfantasy-1-buch\" target=\"_blank\" rel=\"noopener noreferrer\">Phantastik-News.de<\/a>)<\/strong><\/em><\/h6>\n<p>&nbsp;<\/p>\n<blockquote><p><em><strong>&#8222;<span class=\"article_neu\">Mir haben die bunten Fantasywelten gefallen. Die thematische Vielfalt, die von ernsten Themen wie Klimakatastrophe, Ausbeutung, Diskrimierung von Frauen und Sinnlosigkeit von Krieg und Vorurteilen bis hin zu kunterbunten Aktion- und Abenteuergeschichten reicht, vermittelt ein abwechslungsreiches Lesevergn\u00fcgen. Dazu kommt die gediegene Aufmachung als Hardcover. Alisha Bionda hat wieder ein kleines Juwel vorgelegt. Ein gelungener Start f\u00fcr ihre neue Reihe SteamFantasy.<\/span>&#8222;<\/strong><\/em><\/p><\/blockquote>\n<h6 style=\"text-align: right;\"><em><strong>Uwe Weiher (<a href=\"https:\/\/www.zauberspiegel-online.de\/index.php\/phantastisches\/gedrucktes-mainmenu-147\/34095-raederwerk-der-walkuere-zwerge-und-elfen-treffen-auf-dampf-und-luftschiffe#addcomments\" target=\"_blank\" rel=\"noopener noreferrer\">Zauberspiegel<\/a>)<\/strong><\/em><\/h6>\n<p>&nbsp;<\/p>\n<blockquote><p><em><strong>&#8222;\u00bbR\u00e4derwerk der Walk\u00fcre\u00ab herausgegeben von Alisha Bionda vereint vor allem Fantasygeschichten, die von Mechanik und Magie leben. Dabei erschaffen die Autorinnen und Autoren Welten und Figuren mit gen\u00fcgend Fortsetzungspotential f\u00fcr folgende Ausgaben der Anthologiereihe \u00bbSteamFantasy\u00ab.&#8220;<\/strong><\/em><\/p><\/blockquote>\n<h6 style=\"text-align: right;\"><em><strong>Ralph Steinberg (<a href=\"https:\/\/fantasyguide.de\/raederwerk-der-walkuere-herausgeberin-alisha-bionda-steamfantasy-1.html\" target=\"_blank\" rel=\"noopener noreferrer\">Fantasyguide.de<\/a>)<\/strong><\/em><\/h6>\n<p>&nbsp;<\/p>\n","protected":false},"excerpt":{"rendered":"<p>Steampunk und Fantasy sind zwei meiner drei Lieblingsgenres. So war ich beim Start der Reihe SteamFantasy [&hellip;]<\/p>\n","protected":false},"author":1,"featured_media":0,"parent":0,"menu_order":0,"comment_status":"closed","ping_status":"closed","template":"","meta":[],"_links":{"self":[{"href":"http:\/\/krain.de\/index.php?rest_route=\/wp\/v2\/pages\/1045"}],"collection":[{"href":"http:\/\/krain.de\/index.php?rest_route=\/wp\/v2\/pages"}],"about":[{"href":"http:\/\/krain.de\/index.php?rest_route=\/wp\/v2\/types\/page"}],"author":[{"embeddable":true,"href":"http:\/\/krain.de\/index.php?rest_route=\/wp\/v2\/users\/1"}],"replies":[{"embeddable":true,"href":"http:\/\/krain.de\/index.php?rest_route=%2Fwp%2Fv2%2Fcomments&post=1045"}],"version-history":[{"count":3,"href":"http:\/\/krain.de\/index.php?rest_route=\/wp\/v2\/pages\/1045\/revisions"}],"predecessor-version":[{"id":1048,"href":"http:\/\/krain.de\/index.php?rest_route=\/wp\/v2\/pages\/1045\/revisions\/1048"}],"wp:attachment":[{"href":"http:\/\/krain.de\/index.php?rest_route=%2Fwp%2Fv2%2Fmedia&parent=1045"}],"curies":[{"name":"wp","href":"https:\/\/api.w.org\/{rel}","templated":true}]}}