{"id":1100,"date":"2019-09-06T14:03:07","date_gmt":"2019-09-06T14:03:07","guid":{"rendered":"http:\/\/krain.de\/?page_id=1100"},"modified":"2019-09-06T14:03:07","modified_gmt":"2019-09-06T14:03:07","slug":"die-verzauberte-kaffeemaschine","status":"publish","type":"page","link":"http:\/\/krain.de\/?page_id=1100","title":{"rendered":"Die verzauberte Kaffeemaschine"},"content":{"rendered":"<p><img loading=\"lazy\" class=\"alignleft wp-image-1101\" src=\"http:\/\/krain.de\/wp-content\/uploads\/2019\/09\/image001.jpg\" alt=\"\" width=\"300\" height=\"480\" srcset=\"http:\/\/krain.de\/wp-content\/uploads\/2019\/09\/image001.jpg 1000w, http:\/\/krain.de\/wp-content\/uploads\/2019\/09\/image001-188x300.jpg 188w, http:\/\/krain.de\/wp-content\/uploads\/2019\/09\/image001-768x1229.jpg 768w, http:\/\/krain.de\/wp-content\/uploads\/2019\/09\/image001-640x1024.jpg 640w\" sizes=\"(max-width: 300px) 100vw, 300px\" \/><\/p>\n<p>Dieses drollige Projekt um eine verzauberte Kaffeemaschine realisierte ich mit Tanya Carpenter, Barbara B\u00fcchner und dem Illustrator Shikomo 2015 als Weihnachts-Freebie f\u00fcr den Arunya-Verlag. Wir hatten alle wirklich sehr viel Spa\u00df.<\/p>\n<hr \/>\n<p>Anthologie &#8211; Weihnachtsfreebie<br \/>\nArunya-Verlag<br \/>\n<strong>eBook 0,00 \u20ac<\/strong><br \/>\nCover- und Innengrafiken: Shikomo<\/p>\n<h5>Klappentext<\/h5>\n<p>Die letzten Tage des Jahres sind f\u00fcr die meisten Menschen eine Pause von der Hektik des Alltags. So geht es auch uns. Der Arunya-Verlag hat viel, f\u00fcr das er in den letzten Monaten sehr dankbar sein kann. So viele Men\u00adschen haben unseren jungen Verlag mit freund\u00adlichen Worten, gro\u00dfartigen Texten, Aufmunternden Kom\u00admen\u00adtaren und nicht zuletzt mit dem Kauf unserer B\u00fccher einen unerwartet gro\u00dfen Erfolg beschert. F\u00fcr uns ist dies der Beweis, dass Qualit\u00e4t sich auch in Zeiten der Kos\u00adten\u00adlos- und Billigkultur noch immer durchsetzt.<\/p>\n<p>Und so haben wir uns entschieden, Ihnen, liebe Leser, eine Kleinigkeit zur\u00fcckzugeben. Nicht in Form eines Gewinnspiels oder Preisnachl\u00e4ssen, sondern in Form eines eBooks, dass wir ganz ohne doppelten Boden verschenken. Also fragten wir Autoren, die in diesem Jahr ebenfalls einen gro\u00dfen Sprung nach vorn machen konnten, ob sie f\u00fcr uns etwas schreiben w\u00fcrden.<\/p>\n<p>Barbara B\u00fcchner, Tanya Carpenter und Guido Krain erdachten daraufhin eine am\u00fcsante Geschichte um eine verzauberte Kaffeemaschine. Das liebevoll von Shikomo illustrierte Abenteuer k\u00f6nnen Sie mit einem Klick auf das gew\u00fcnschte Format kostenlos herunterladen:<\/p>\n<hr \/>\n<h5><\/h5>\n<p>&nbsp;<\/p>\n","protected":false},"excerpt":{"rendered":"<p>Dieses drollige Projekt um eine verzauberte Kaffeemaschine realisierte ich mit Tanya Carpenter, Barbara B\u00fcchner und dem [&hellip;]<\/p>\n","protected":false},"author":1,"featured_media":0,"parent":0,"menu_order":0,"comment_status":"closed","ping_status":"closed","template":"","meta":[],"_links":{"self":[{"href":"http:\/\/krain.de\/index.php?rest_route=\/wp\/v2\/pages\/1100"}],"collection":[{"href":"http:\/\/krain.de\/index.php?rest_route=\/wp\/v2\/pages"}],"about":[{"href":"http:\/\/krain.de\/index.php?rest_route=\/wp\/v2\/types\/page"}],"author":[{"embeddable":true,"href":"http:\/\/krain.de\/index.php?rest_route=\/wp\/v2\/users\/1"}],"replies":[{"embeddable":true,"href":"http:\/\/krain.de\/index.php?rest_route=%2Fwp%2Fv2%2Fcomments&post=1100"}],"version-history":[{"count":1,"href":"http:\/\/krain.de\/index.php?rest_route=\/wp\/v2\/pages\/1100\/revisions"}],"predecessor-version":[{"id":1102,"href":"http:\/\/krain.de\/index.php?rest_route=\/wp\/v2\/pages\/1100\/revisions\/1102"}],"wp:attachment":[{"href":"http:\/\/krain.de\/index.php?rest_route=%2Fwp%2Fv2%2Fmedia&parent=1100"}],"curies":[{"name":"wp","href":"https:\/\/api.w.org\/{rel}","templated":true}]}}