{"id":743,"date":"2019-09-05T14:04:55","date_gmt":"2019-09-05T14:04:55","guid":{"rendered":"http:\/\/krain.de\/?page_id=743"},"modified":"2019-09-09T15:53:47","modified_gmt":"2019-09-09T15:53:47","slug":"hammer-soeckchen","status":"publish","type":"page","link":"http:\/\/krain.de\/?page_id=743","title":{"rendered":"Hammer &#038; S\u00f6ckchen"},"content":{"rendered":"<p><img loading=\"lazy\" class=\"alignleft wp-image-710\" src=\"http:\/\/krain.de\/wp-content\/uploads\/2019\/09\/hammersocke.jpg\" alt=\"\" width=\"343\" height=\"480\" srcset=\"http:\/\/krain.de\/wp-content\/uploads\/2019\/09\/hammersocke.jpg 572w, http:\/\/krain.de\/wp-content\/uploads\/2019\/09\/hammersocke-215x300.jpg 215w\" sizes=\"(max-width: 343px) 100vw, 343px\" \/><\/p>\n<p>HAMMER &amp; S\u00d6CKCHEN ist der erste Band der von mir herausgegebenen Reihe DYSTONIA. Was ist das?<\/p>\n<p>Unter dem Label DYSTONIA erscheinen freche, zuweilen politisch unkorrekte und b\u00f6se Geschichten, die manchmal auch ins Unanst\u00e4ndige abgleiten. Vor allem geht es aber um flott geschriebene und spannende Unterhaltung. Die Abenteuer spielen in nahen, dystopischen Versionen der Zukunft. Schon wegen dieser Settings wird der Leser nach einer rasanten Geschichte vielleicht auch einmal nachdenklich zur\u00fcckgelassen \u2013 auf keinen Fall aber mit schwerm\u00fctigen Gedanken.<\/p>\n<p>Ich habe mich bem\u00fcht, dieser Anforderung gerecht zu werden. ;o)<\/p>\n<hr \/>\n<p>Roman &#8211; Science Fiction<br \/>\nArunya-Verlag<br \/>\n<a href=\"https:\/\/www.arunya-verlag.de\/?product=hammer-soeckchen\" target=\"_blank\" rel=\"noopener noreferrer\"><strong>Paperback 6,95 \u20ac<\/strong><\/a><br \/>\nISBN <span id=\"mbm_book_editions_format_0\" class=\"mbm-book-editions-format\"><span class=\"mbm-book-editions-isbn\">978-3-95810-019-0<\/span><\/span><br \/>\n<a href=\"https:\/\/www.amazon.de\/gp\/product\/B074SJWWR8\/ref=as_li_tl?ie=UTF8&amp;camp=1638&amp;creative=6742&amp;creativeASIN=B074SJWWR8&amp;linkCode=as2&amp;tag=arunyaverla0f-21&amp;linkId=710c41bc5e84a8214686d3f642093287\" target=\"_blank\" rel=\"noopener noreferrer\"><strong>eBook &#8211; 3,99 \u20ac<\/strong><\/a><br \/>\nCover und Innengrafiken: Shikomo<\/p>\n<h5><strong>Klappentext:<\/strong><\/h5>\n<p><span class=\"mbm-book-summary-text\">Sharp ist nicht der Typ, der sich vor seinen Sorgen im Bett verkriecht \u2013 glaubt er zumindest. Leider kann er diese Einsch\u00e4tzung nicht \u00fcberpr\u00fcfen, weil er sich buchst\u00e4blich an \u00fcberhaupt nichts erinnert und in einem leeren Aquarium erwacht. Dass sein Name \u201eSharp\u201c lautet, kann er nur aus einem Zettel schlie\u00dfen, den jemand an sein Ohr getackert hat. Er hat aber auch keine Zeit, den Gedanken n\u00e4her zu erforschen, weil dem Weltuntergang offenbar gerade auffiel, dass er jemanden \u00fcbersehen hat.<\/span><\/p>\n<hr \/>\n<h5><\/h5>\n<h5><strong>Pressestimmen:<\/strong><\/h5>\n<p>&#8222;Guido Krain treibt seine kleine Gewalt- und Sexorgie mit der von ihm gewohnten Liebe f\u00fcr lakonische und humorige S\u00e4tze voran. Es gibt keine Grenzen f\u00fcr Wortwitze, Anspielungen und bildreiche Beschreibungen. So explizit das Morden und Treiben auch ist, der spa\u00dfige Tonfall l\u00e4sst keinerlei Zeit f\u00fcr Ekel aufkommen.&#8220;<\/p>\n<p style=\"text-align: right;\"><em><strong>Ralf Steinberg (<a href=\"https:\/\/fantasyguide.de\/hammer-soeckchen-autor-guido-krain-dystonia-1.html\" target=\"_blank\" rel=\"noopener noreferrer\">Fantasyguide.de<\/a>)<\/strong><\/em><\/p>\n<p>&#8222;Efrischend anderes Lesevergn\u00fcgen.&#8220;<\/p>\n<p style=\"text-align: right;\"><em><strong>Sylvana Freyberg (<a href=\"http:\/\/deutsche-science-fiction.de\/?p=4772\" target=\"_blank\" rel=\"noopener noreferrer\">Deutsche Scinece Fiction<\/a>)<\/strong><\/em><\/p>\n<p>&nbsp;<\/p>\n","protected":false},"excerpt":{"rendered":"<p>HAMMER &amp; S\u00d6CKCHEN ist der erste Band der von mir herausgegebenen Reihe DYSTONIA. Was ist das? [&hellip;]<\/p>\n","protected":false},"author":1,"featured_media":1220,"parent":0,"menu_order":0,"comment_status":"closed","ping_status":"closed","template":"","meta":[],"_links":{"self":[{"href":"http:\/\/krain.de\/index.php?rest_route=\/wp\/v2\/pages\/743"}],"collection":[{"href":"http:\/\/krain.de\/index.php?rest_route=\/wp\/v2\/pages"}],"about":[{"href":"http:\/\/krain.de\/index.php?rest_route=\/wp\/v2\/types\/page"}],"author":[{"embeddable":true,"href":"http:\/\/krain.de\/index.php?rest_route=\/wp\/v2\/users\/1"}],"replies":[{"embeddable":true,"href":"http:\/\/krain.de\/index.php?rest_route=%2Fwp%2Fv2%2Fcomments&post=743"}],"version-history":[{"count":10,"href":"http:\/\/krain.de\/index.php?rest_route=\/wp\/v2\/pages\/743\/revisions"}],"predecessor-version":[{"id":1221,"href":"http:\/\/krain.de\/index.php?rest_route=\/wp\/v2\/pages\/743\/revisions\/1221"}],"wp:featuredmedia":[{"embeddable":true,"href":"http:\/\/krain.de\/index.php?rest_route=\/wp\/v2\/media\/1220"}],"wp:attachment":[{"href":"http:\/\/krain.de\/index.php?rest_route=%2Fwp%2Fv2%2Fmedia&parent=743"}],"curies":[{"name":"wp","href":"https:\/\/api.w.org\/{rel}","templated":true}]}}