{"id":778,"date":"2019-09-05T15:23:50","date_gmt":"2019-09-05T15:23:50","guid":{"rendered":"http:\/\/krain.de\/?page_id=778"},"modified":"2019-09-05T16:03:36","modified_gmt":"2019-09-05T16:03:36","slug":"argentum-noctis","status":"publish","type":"page","link":"http:\/\/krain.de\/?page_id=778","title":{"rendered":"Argentum Noctis"},"content":{"rendered":"<p><img loading=\"lazy\" class=\"alignleft wp-image-779\" src=\"http:\/\/krain.de\/wp-content\/uploads\/2019\/09\/ANcover.jpg\" alt=\"\" width=\"299\" height=\"480\" srcset=\"http:\/\/krain.de\/wp-content\/uploads\/2019\/09\/ANcover.jpg 746w, http:\/\/krain.de\/wp-content\/uploads\/2019\/09\/ANcover-187x300.jpg 187w, http:\/\/krain.de\/wp-content\/uploads\/2019\/09\/ANcover-639x1024.jpg 639w\" sizes=\"(max-width: 299px) 100vw, 299px\" \/><\/p>\n<p>London 1874. Der Fortschritt liegt in den H\u00e4nden genialer T\u00fcftler und Erfinder. Charles Eagleton, ist einer dieser Pioniere und zudem ein urbritischer Gentleman untadeligen Rufes. So kann er nat\u00fcrlich nicht beiseite stehen, als einer seiner Erfinderkollegen mit wunderlichen Angewohnheiten auff\u00e4llt. Der z\u00e4nkische alte Mann hat alle Hausangestellten entlassen, taucht immer seltener in der \u00d6ffentlichkeit auf und leiht sich die absonderlichsten Erfindungen Eagletons f\u00fcr seine Arbeit aus. Zudem wurde er beim Herumschleichen auf Friedh\u00f6fen beobachtet und deckt sich bei Versteigerungen scheinbar wahllos mit Plunder ein.<\/p>\n<p>Den Ausschlag gibt aber die Tatsache, dass der wunderliche Kauz der Vater von Rachel Fiddlebury &#8211; Charles Angebeteter &#8211; ist. Und die Machenschaften des alten Mannes gehen alles andere als spurlos an seiner Tochter vor\u00fcber. Welches Geheimnis lauert hinter den Mauern der Fiddleburys? Worauf ist der streits\u00fcchtige alte Erfinder gesto\u00dfen? Und wer ist der Absender der geheimnisvollen Einladung, die Charles ausgerechnet an dem Tag ins Haus des Erfinderkollegen einl\u00e4dt, als niemand zuhause ist?<\/p>\n<p>Die meisten Hauptfiguren von ARGENTUM NOCTIS sind bereits in der Kurzgeschichte &#8222;Steam is Beautiful&#8220; aufgetaucht, die in der Anthologie &#8222;<a href=\"http:\/\/guido.krain.de\/index.php?option=com_content&amp;view=category&amp;layout=blog&amp;id=66&amp;Itemid=90\" target=\"_self\" rel=\"noopener noreferrer\">ERINNERUNGEN AN MORGEN<\/a>&#8220; (Band 1 der Reihe) erschienen ist. &#8222;Steam is Beautiful&#8220; ist demnach eine Art Prolog, der aber f\u00fcr das Lesen des Romans nicht erforderlich ist.<\/p>\n<hr \/>\n<p>Roman &#8211; Steampunk<br \/>\nFabylon-Verlag<br \/>\n<a href=\"http:\/\/www.amazon.de\/gp\/product\/3927071714\/ref=as_li_tf_tl?ie=UTF8&amp;camp=1638&amp;creative=6742&amp;creativeASIN=3927071714&amp;linkCode=as2&amp;tag=fantasybuchde\" target=\"_blank\" rel=\"noopener noreferrer\"><strong>Paperback 14,90 \u20ac<\/strong><\/a><br \/>\nISBN 978-3-92707-171-1<br \/>\n<a href=\"http:\/\/www.amazon.de\/gp\/product\/B00COCTM7E\/ref=as_li_tf_tl?ie=UTF8&amp;camp=1638&amp;creative=6742&amp;creativeASIN=B00COCTM7E&amp;linkCode=as2&amp;tag=fantasybuchde\" target=\"_blank\" rel=\"noopener noreferrer\"><strong>eBook &#8211; 4,49 \u20ac<\/strong><\/a><br \/>\nCover: Crossvalley Smith<\/p>\n<h5><strong>Klappentext:<\/strong><\/h5>\n<p>Zuweilen machen Erfinder Entdeckungen, die zu spektakul\u00e4r sind, um sie f\u00fcr sich zu behalten oder ihre Konsequenzen zu \u00fcberschauen. Geht der \u00dcberblick erst einmal verloren, f\u00fchrt zu gro\u00dfer Erfindergeist manchmal zu unerwarteten Erkenntnissen. Zum Beispiel, dass wei\u00dfe Ratten, junge Damen und dampfbetriebene Dienstm\u00e4dchen ein ideales Team f\u00fcr Einbr\u00fcche bilden. Oder dass man die B\u00fcchse der Pandora nicht gleichzeitig erforschen und geschlossen halten kann. Und manchmal bringt einen die Erfindungswut sogar an Orte, die nicht f\u00fcr sterbliche Augen gedacht sind.<\/p>\n<p><strong>ARGENTUM NOCTIS<\/strong> ist im buchst\u00e4blichen Sinne ein Roman \u00fcber das, was uns ausmacht. Vor dem Hintergrund einer Steampunkversion des viktorianischen Londons versucht Erfinder Charles Eagleton die wohl elementarste Frage der Menschheit zu kl\u00e4ren &#8211; und dabei die Schneise der Verw\u00fcstung m\u00f6glichst schmal zu halten.<\/p>\n<hr \/>\n<h5><\/h5>\n<h5><strong>Pressestimmen:<\/strong><\/h5>\n<h6><\/h6>\n<h6><em>Rezension von Carsten Kuhr<\/em> <a href=\"http:\/\/www.phantastiknews.de\/joomla\/index.php?option=com_content&amp;view=article&amp;id=6694:guido-krain-argentum-noctis-steampunk-3-buch&amp;catid=42:rezensionen&amp;Itemid=62\" target=\"_blank\" rel=\"noopener noreferrer\">Phantastik-News.de<\/a><\/h6>\n<p>Die erste Rezension zu Argentum Noctis erschienen auf dem bekannten Phantastik-Portal &#8222;<a href=\"http:\/\/www.phantastiknews.de\/joomla\/index.php?option=com_content&amp;view=article&amp;id=6694:guido-krain-argentum-noctis-steampunk-3-buch&amp;catid=42:rezensionen&amp;Itemid=62\" target=\"_blank\" rel=\"noopener noreferrer\">Phantastik-News.de<\/a>&#8222;. Rezensent Carsten Kuhr fand sehr freundliche Worte. Zum Beispiel:<\/p>\n<address><strong>&#8222;Nun also legt er sein neuestes Werk auf, das den Leser auf eine Achterbahnfahrt gar aberwitziger Einf\u00e4lle mitnimmt, ihm markante Figuren vorstellt und mit einer abenteuerlichen Handlung verw\u00f6hnt, wie sie schlicht nicht vorherzusagen sind.&#8220;<\/strong><\/address>\n<p>Und das Fazit:<\/p>\n<address><strong>&#8222;Auch wenn die typischen Steampunk-Elemente, abgesehen von den Hausm\u00e4dchen, eher dosiert eingesetzt werden, erweist sich der Plot selbst als tragf\u00e4hig, bleibt Tempo wie Handlungsbogen straff und unterh\u00e4lt der Roman vorz\u00fcglich. Weiter so, Herr Krain!<\/strong><\/address>\n<p>&nbsp;<\/p>\n<h6><em>Doppelrezension des <a href=\"http:\/\/lesekatzen.blogspot.de\/2014\/04\/blogtour-fabylon-verlag-tag-5-guido.html\" target=\"_blank\" rel=\"noopener noreferrer\">Lesekatzen B\u00fccherblog<\/a><\/em><\/h6>\n<p>Gleich beide Betreiberinnen des &#8222;<a href=\"http:\/\/lesekatzen.blogspot.de\/2014\/04\/blogtour-fabylon-verlag-tag-5-guido.html\" target=\"_blank\" rel=\"noopener noreferrer\">Lesekatzen B\u00fccherblog<\/a>&#8220; haben Argentum Noctis ausf\u00fchrlich rezensiert und waren offenkundig so begeistert dass ich kaum wagte, Fifi den Link zu zeigen. Beide haben die volle Wertung gegeben.<\/p>\n<p>Susanna Montuas Fazit:<\/p>\n<address><strong>&#8222;Die Geschichte war stimmig und nicht langweilig, sie bot h\u00e4ufig \u00dcberraschungen, brachte mich zum Schmunzeln und zum Gruseln und vermittelte sogar eine Portion Herzklopfen.<br \/>\nAlles war sehr sch\u00f6n ineinander verflochten und konzipiert. Langweile &#8211; Fehlanzeige! Und Fifi&#8230; Fifi! Ich finde, jeder braucht ein dampfbetriebenes Dienstm\u00e4dchen!!!&#8220;<\/strong><\/address>\n<address>\u00a0<\/address>\n<p>Annika Dick meint:<\/p>\n<address><strong>&#8222;Die Geschichte selbst verbindet humorvolle Dialoge mit teils recht gruseligen Szenen, die es einem eiskalt \u00fcber den R\u00fccken laufen lassen, mystische Elemente, wie aus den alten Gothic Novels und sehr emotionalen Szenen, in denen die romantischen Gef\u00fchle der Protagonisten zum Vorschein kommen. Auf 200 Seiten erz\u00e4hlt Guido Krain hier eine spannende und mitrei\u00dfende Geschichte, ein wahrer Pageturner&#8220;<\/strong><\/address>\n<hr \/>\n<p>&nbsp;<\/p>\n<p>Und hier noch ein Buchtrailer des Fabylon-Verlags:<\/p>\n<p><iframe loading=\"lazy\" title=\"Trailer - Guido Krain: Argentum Noctis (SteamPunk)\" width=\"670\" height=\"377\" src=\"https:\/\/www.youtube.com\/embed\/wImQrlpYBTw?feature=oembed\" frameborder=\"0\" allow=\"accelerometer; autoplay; encrypted-media; gyroscope; picture-in-picture\" allowfullscreen><\/iframe><\/p>\n","protected":false},"excerpt":{"rendered":"<p>London 1874. Der Fortschritt liegt in den H\u00e4nden genialer T\u00fcftler und Erfinder. Charles Eagleton, ist einer [&hellip;]<\/p>\n","protected":false},"author":1,"featured_media":0,"parent":0,"menu_order":0,"comment_status":"closed","ping_status":"closed","template":"","meta":[],"_links":{"self":[{"href":"http:\/\/krain.de\/index.php?rest_route=\/wp\/v2\/pages\/778"}],"collection":[{"href":"http:\/\/krain.de\/index.php?rest_route=\/wp\/v2\/pages"}],"about":[{"href":"http:\/\/krain.de\/index.php?rest_route=\/wp\/v2\/types\/page"}],"author":[{"embeddable":true,"href":"http:\/\/krain.de\/index.php?rest_route=\/wp\/v2\/users\/1"}],"replies":[{"embeddable":true,"href":"http:\/\/krain.de\/index.php?rest_route=%2Fwp%2Fv2%2Fcomments&post=778"}],"version-history":[{"count":8,"href":"http:\/\/krain.de\/index.php?rest_route=\/wp\/v2\/pages\/778\/revisions"}],"predecessor-version":[{"id":788,"href":"http:\/\/krain.de\/index.php?rest_route=\/wp\/v2\/pages\/778\/revisions\/788"}],"wp:attachment":[{"href":"http:\/\/krain.de\/index.php?rest_route=%2Fwp%2Fv2%2Fmedia&parent=778"}],"curies":[{"name":"wp","href":"https:\/\/api.w.org\/{rel}","templated":true}]}}