{"id":815,"date":"2019-09-05T16:42:13","date_gmt":"2019-09-05T16:42:13","guid":{"rendered":"http:\/\/krain.de\/?page_id=815"},"modified":"2019-09-05T16:47:55","modified_gmt":"2019-09-05T16:47:55","slug":"victims-das-werwolf-phaenomen","status":"publish","type":"page","link":"http:\/\/krain.de\/?page_id=815","title":{"rendered":"VICTIMS: Das Werwolf-Ph\u00e4nomen"},"content":{"rendered":"<p><img loading=\"lazy\" class=\"alignleft wp-image-804\" src=\"http:\/\/krain.de\/wp-content\/uploads\/2019\/09\/victims.jpg\" alt=\"\" width=\"316\" height=\"480\" srcset=\"http:\/\/krain.de\/wp-content\/uploads\/2019\/09\/victims.jpg 500w, http:\/\/krain.de\/wp-content\/uploads\/2019\/09\/victims-197x300.jpg 197w\" sizes=\"(max-width: 316px) 100vw, 316px\" \/><strong>VICTIMS: DAS WERWOLF-PH\u00c4NOMEN<\/strong> ist im Knaur-Verlag erschienen und in mehrfacher Hinsicht etwas Besonderes f\u00fcr mich. Nicht nur, dass er mein erster Krimi in Romanl\u00e4nge ist &#8211; es handelt sich auch um den ersten Fall meines Freundes Tycho Zander und spielt in meinem geliebten Hamburg.<\/p>\n<hr \/>\n<p>Roman &#8211; Krimi<br \/>\nKnaur-Verlag<br \/>\n<a href=\"https:\/\/www.amazon.de\/Victims-Werwolf-Ph%C3%A4nomen-Thriller-Guido-Krain\/dp\/3426216078\/ref=sr_1_1?__mk_de_DE=%C3%85M%C3%85%C5%BD%C3%95%C3%91&amp;keywords=Victims+das+Werwolf-Ph%C3%A4nomen&amp;qid=1567701947&amp;s=books&amp;sr=1-1\" target=\"_blank\" rel=\"noopener noreferrer\"><strong>Paperback 12,99 \u20ac<\/strong><\/a><br \/>\nISBN 978-3426216071<br \/>\n<a href=\"https:\/\/www.amazon.de\/gp\/product\/B01K62WUVI\/ref=as_li_tl?ie=UTF8&amp;camp=1638&amp;creative=6742&amp;creativeASIN=B01K62WUVI&amp;linkCode=as2&amp;tag=arunyaverla0f-21\" target=\"_blank\" rel=\"noopener noreferrer\"><strong>eBook -4,99 \u20ac<\/strong><\/a><\/p>\n<h5><strong>Klappentext:<\/strong><\/h5>\n<p>Grauenvoll zugerichtete Leichen und finstere Kulte &#8211; ein grausiger Thriller in der Hafenstadt Hamburg<br \/>\nDie Opfer stammen aus den h\u00f6chsten Kreisen der Gesellschaft. Mit jeder weiteren Bluttat w\u00e4chst die Erkenntnis, dass entweder ein alter Fluch oder eine v\u00f6llig unbekannte Mordmethode die Opfer aus dem Leben rei\u00dft. Kommissar Tycho Zander glaubt nicht an Magie und Sagentiere. Schon gar nicht an Werw\u00f6lfe, die ihre Spuren auch mal mit Abflussreiniger verwischen. Doch dann kommt der Fall viel zu nahe an den hartgesottenen Polizisten heran und die Jagd wird pers\u00f6nlich.<\/p>\n","protected":false},"excerpt":{"rendered":"<p>VICTIMS: DAS WERWOLF-PH\u00c4NOMEN ist im Knaur-Verlag erschienen und in mehrfacher Hinsicht etwas Besonderes f\u00fcr mich. Nicht [&hellip;]<\/p>\n","protected":false},"author":1,"featured_media":0,"parent":0,"menu_order":0,"comment_status":"closed","ping_status":"closed","template":"","meta":[],"_links":{"self":[{"href":"http:\/\/krain.de\/index.php?rest_route=\/wp\/v2\/pages\/815"}],"collection":[{"href":"http:\/\/krain.de\/index.php?rest_route=\/wp\/v2\/pages"}],"about":[{"href":"http:\/\/krain.de\/index.php?rest_route=\/wp\/v2\/types\/page"}],"author":[{"embeddable":true,"href":"http:\/\/krain.de\/index.php?rest_route=\/wp\/v2\/users\/1"}],"replies":[{"embeddable":true,"href":"http:\/\/krain.de\/index.php?rest_route=%2Fwp%2Fv2%2Fcomments&post=815"}],"version-history":[{"count":4,"href":"http:\/\/krain.de\/index.php?rest_route=\/wp\/v2\/pages\/815\/revisions"}],"predecessor-version":[{"id":817,"href":"http:\/\/krain.de\/index.php?rest_route=\/wp\/v2\/pages\/815\/revisions\/817"}],"wp:attachment":[{"href":"http:\/\/krain.de\/index.php?rest_route=%2Fwp%2Fv2%2Fmedia&parent=815"}],"curies":[{"name":"wp","href":"https:\/\/api.w.org\/{rel}","templated":true}]}}