{"id":852,"date":"2019-09-05T18:09:39","date_gmt":"2019-09-05T18:09:39","guid":{"rendered":"http:\/\/krain.de\/?page_id=852"},"modified":"2019-09-12T22:18:27","modified_gmt":"2019-09-12T22:18:27","slug":"der-brennende-rabe","status":"publish","type":"page","link":"http:\/\/krain.de\/?page_id=852","title":{"rendered":"Der brennende Rabe"},"content":{"rendered":"<p><img loading=\"lazy\" class=\"alignleft wp-image-806\" src=\"http:\/\/krain.de\/wp-content\/uploads\/2019\/09\/phantastisches-26.jpg\" alt=\"\" width=\"305\" height=\"480\" srcset=\"http:\/\/krain.de\/wp-content\/uploads\/2019\/09\/phantastisches-26.jpg 509w, http:\/\/krain.de\/wp-content\/uploads\/2019\/09\/phantastisches-26-191x300.jpg 191w\" sizes=\"(max-width: 305px) 100vw, 305px\" \/><\/p>\n<p>Dies ist die nahtlose Fortsetzung der Anthologie FUNKEN DER UNENDLICHKEIT, dem ersten Buch der Serie. In diesem Band starten meine Freundin Pali und Ihr finsterer Freund Lorn gemeinsam mit der gesamten Crew des Raumkreuzers Eos in ihr erstes gro\u00dfes Abenteuer. Es gibt einige \u00dcberraschungen und ein alter Krieger erlebt im wahrsten Sinne des Wortes sein blaues Wunder.<\/p>\n<p>DER BRENNENDE RABE ist Teil der von mir gemeinsam mit Alisha Bionda herausgegebenen Serie O.R.I.O.N. Space Opera, bildet aber gemeinsam mit Teil 3 &#8211; DAS HERZ DES KRIEGERS &#8211; eine in sich abgeschlossene &#8222;Etappe&#8220;.<\/p>\n<hr \/>\n<p>Roman &#8211; Science Fiction<br \/>\nO.R.I.O.N. Space Opera Band 2<br \/>\nArunya-Verlag<br \/>\n<a href=\"https:\/\/www.arunya-verlag.de\/?product=der-brennende-rabe\" target=\"_blank\" rel=\"noopener noreferrer\"><strong>Hardcover 14,90 \u20ac<\/strong><\/a><br \/>\nISBN 978-3-95810-003-9<br \/>\n<a href=\"http:\/\/www.amazon.de\/gp\/product\/B00YPDTJMI\/ref=as_li_tl?ie=UTF8&amp;camp=1638&amp;creative=6742&amp;creativeASIN=B00YPDTJMI&amp;linkCode=as2&amp;tag=arunyaverla0f-21&amp;linkId=5T5PFRKQXZKFGL73\" target=\"_blank\" rel=\"noopener noreferrer\"><strong>eBook &#8211; 4,99 \u20ac<\/strong><\/a><br \/>\nCover und Innengrafiken: Shikomo<\/p>\n<h5><strong>Klappentext:<\/strong><\/h5>\n<p>Kaum hat die Eos den bekannten Teil der Galaxis hinter sich gelassen, f\u00e4ngt sie ein \u00fcber 200 Jahre altes Notsignal auf. Der Hilferuf ist offensichtlich menschlich. Doch stammt er aus einer Zeit, in der die Menschheit noch Jahrhunderte gebraucht h\u00e4tte, um die Abgr\u00fcnde zwischen den Sternen zu \u00fcberwinden. Der Ursprung des Signals liegt aber in einer Ecke der Milchstra\u00dfe, die noch heute v\u00f6llig unbekannt ist. Welcher Forscher k\u00f6nnte einer solchen Herausforderung widerstehen?<br \/>\nWas die Eos am Ende dieser Reise finden wird, h\u00e4tte sich wohl kein Mitglied der bunt zusammengesetzten Besatzung um Captain Cody Callahan vorstellen k\u00f6nnen.<\/p>\n<hr \/>\n<h5><\/h5>\n<h5><strong>Pressestimmen:<\/strong><\/h5>\n<p><em>\u00bbDer brennende Rabe\u00ab von Guido Krain ist eine furiose und \u00fcber weite Strecken hochgradig lustige Fortsetzung und f\u00fcr einen zweiten Band mehr als gelungen. Ganz besonders das schr\u00e4ge P\u00e4rchen Pali und Lorn k\u00f6nnte sich schnell eine eigene Fangemeinde erobern. Eine vergn\u00fcgliche Politur f\u00fcr die alte Tante Space Opera.<\/em><\/p>\n<p style=\"text-align: right;\"><em>Ralf Steinberg (<a href=\"http:\/\/fantasyguide.de\/13958\/\" target=\"_blank\" rel=\"noopener noreferrer\">Fantasyguide.de<\/a>)<br \/>\n<\/em><\/p>\n<p>&nbsp;<\/p>\n<p><em>SF, die geschickt klassische Motive mit neuen Entwicklungen und Protagonisten mischt und packend unterh\u00e4lt.<\/em><\/p>\n<p style=\"text-align: right;\"><em>Carsten Kuhr (<a href=\"http:\/\/www.phantastiknews.de\/joomla\/index.php?option=com_content&amp;view=article&amp;id=10630:orion-space-opera-2-der-brennende-rabe-guido-krain-buch&amp;catid=42:rezensionen&amp;Itemid=62\" target=\"_blank\" rel=\"noopener noreferrer\">Phantastik-News.de<\/a>)<\/em><\/p>\n<p>&nbsp;<\/p>\n<p><em><span class=\"article_neu\">Dieser erste Band eines Zweiteilers bringt es richtig derb f\u00fcr die EOS, unbekannte astrophysikalische Ph\u00e4nomene, ein r\u00e4tselhafter Planet und ein unbekannter Gegner. Dazu noch jede Menge zwischenmenschliche Probleme, eine ungl\u00fcckliche Droidin, ein unf\u00e4higer Kommandant und das Gepl\u00e4nkel zwischen Pali, Lorn und Lynx. Einzig Cody Callahan bleibt meist im Hintergrund und agiert \u00e4u\u00dferst zur\u00fcckhaltend.\u00a0Wie es scheint,\u00a0ist er kein Perry Rhodan\/Ren Dhark\/ Rex Corda, der immer in vorderster Linie mit dabei ist. Bisher liefert O.R.I.O.N. genau das, was man dem Leser versprochen hat: Space Opera. Guido Krain hat einen spannenden, gut lesbaren Roman mit einer deutlichen Prise Humor vorgelegt. <\/span><\/em><\/p>\n<p style=\"text-align: right;\"><em>Uwe Weiher (<a href=\"http:\/\/www.zauberspiegel-online.de\/index.php\/zauberstern-kolumnen-mainmenu-75\/zu-den-sternen\/26311-der-brennende-rabe-o-r-i-o-n-zum-zweiten\" target=\"_blank\" rel=\"noopener noreferrer\">Zauberspiegel<\/a>)<\/em><\/p>\n<p>&nbsp;<\/p>\n<p><em><span class=\"article_neu\">Dieser Humor hat auch einen ernsten Unterton und schl\u00e4gt unvermittelt von der Kom\u00f6die zur Trag\u00f6die um. Das fand ich, so sehr ich auch auf Humor und Klamauk stehe, ausnehmend gut gelungen.<\/span><\/em><\/p>\n<p style=\"text-align: right;\"><em><span class=\"article_neu\">Alfred Kruse (<a href=\"http:\/\/a3khh.blogspot.de\/2015\/08\/guido-krain-der-brennende-rabe.html\" target=\"_blank\" rel=\"noopener noreferrer\">SF-Dinosaurier<\/a>)<\/span><\/em><\/p>\n<p>&nbsp;<\/p>\n<p><em><span class=\"article_neu\">Der zweite Band begeistert wie der erste mit viel Aktion und lockeren Spr\u00fcchen.<\/span><\/em><\/p>\n<p style=\"text-align: right;\"><em><span class=\"article_neu\">Sylvana Freyberg (<a href=\"http:\/\/deutsche-science-fiction.de\/?p=4327\" target=\"_blank\" rel=\"noopener noreferrer\">Deutsche Science Fiction<\/a>)<\/span><\/em><\/p>\n<p>&nbsp;<\/p>\n","protected":false},"excerpt":{"rendered":"<p>Dies ist die nahtlose Fortsetzung der Anthologie FUNKEN DER UNENDLICHKEIT, dem ersten Buch der Serie. In [&hellip;]<\/p>\n","protected":false},"author":1,"featured_media":0,"parent":0,"menu_order":0,"comment_status":"closed","ping_status":"closed","template":"","meta":[],"_links":{"self":[{"href":"http:\/\/krain.de\/index.php?rest_route=\/wp\/v2\/pages\/852"}],"collection":[{"href":"http:\/\/krain.de\/index.php?rest_route=\/wp\/v2\/pages"}],"about":[{"href":"http:\/\/krain.de\/index.php?rest_route=\/wp\/v2\/types\/page"}],"author":[{"embeddable":true,"href":"http:\/\/krain.de\/index.php?rest_route=\/wp\/v2\/users\/1"}],"replies":[{"embeddable":true,"href":"http:\/\/krain.de\/index.php?rest_route=%2Fwp%2Fv2%2Fcomments&post=852"}],"version-history":[{"count":4,"href":"http:\/\/krain.de\/index.php?rest_route=\/wp\/v2\/pages\/852\/revisions"}],"predecessor-version":[{"id":1339,"href":"http:\/\/krain.de\/index.php?rest_route=\/wp\/v2\/pages\/852\/revisions\/1339"}],"wp:attachment":[{"href":"http:\/\/krain.de\/index.php?rest_route=%2Fwp%2Fv2%2Fmedia&parent=852"}],"curies":[{"name":"wp","href":"https:\/\/api.w.org\/{rel}","templated":true}]}}