{"id":863,"date":"2019-09-05T18:28:45","date_gmt":"2019-09-05T18:28:45","guid":{"rendered":"http:\/\/krain.de\/?page_id=863"},"modified":"2019-09-12T22:17:33","modified_gmt":"2019-09-12T22:17:33","slug":"schwarzauges-schergen","status":"publish","type":"page","link":"http:\/\/krain.de\/?page_id=863","title":{"rendered":"Schwarzauges Schergen"},"content":{"rendered":"<p><img loading=\"lazy\" class=\"alignleft wp-image-809\" src=\"http:\/\/krain.de\/wp-content\/uploads\/2019\/09\/orion5.jpg\" alt=\"\" width=\"306\" height=\"480\" srcset=\"http:\/\/krain.de\/wp-content\/uploads\/2019\/09\/orion5.jpg 510w, http:\/\/krain.de\/wp-content\/uploads\/2019\/09\/orion5-191x300.jpg 191w\" sizes=\"(max-width: 306px) 100vw, 306px\" \/><\/p>\n<p>Auf zu einem neuen Abenteuer mit meiner Freundin Pali und ihrem finsteren Freund Lorn. Diesmal geht es um den ersten Kontakt mit einer Alienrasse, die auf einer primitiven Entwicklungsstufe dahinvegetiert. Also nichts, was in irgend einer Form gef\u00e4hrlich sein k\u00f6nnte &#8230;<\/p>\n<p>Allerdings ist stellt der Besuch f\u00fcr mehrere Mitglieder der Crew und vielleicht f\u00fcr die gesamte Menschheit eine Z\u00e4sur dar. Und am Ende muss Lorn wiedereinmal feststellen, dass es tats\u00e4chlich viel \u00fcber jemanden aussagt, was er zu einer Schie\u00dferei mitbringt.<\/p>\n<hr \/>\n<p>Roman &#8211; Science Fiction<br \/>\nO.R.I.O.N. Space-Opera Band 5<br \/>\nArunya-Verlag<br \/>\n<a href=\"https:\/\/www.arunya-verlag.de\/?product=schwarzauges-schergen\" target=\"_blank\" rel=\"noopener noreferrer\"><strong>Hardcover 14,90 \u20ac<\/strong><\/a><br \/>\nISBN 978-3-95810-008-4<br \/>\n<a href=\"https:\/\/www.amazon.de\/gp\/product\/B01M61P7ST\/ref=as_li_tl?ie=UTF8&amp;camp=1638&amp;creative=6742&amp;creativeASIN=B01M61P7ST&amp;linkCode=as2&amp;tag=arunyaverla0f-21\" target=\"_blank\" rel=\"noopener noreferrer\"><strong>eBook &#8211; 4,99 \u20ac<\/strong><\/a><br \/>\nCover und Innengrafiken: Shikomo<\/p>\n<h5><strong>Klappentext:<\/strong><\/h5>\n<p>Die Eos feiert ihren ersten Kontakt mit einer primitiven Alienkultur. Endlich kann es zu jenem w\u00fcrdevollen Moment kommen, auf den sich jeder Raumfahrer in den letzten siebenhundert Jahren vorbereitet hat. Auch die Aliens scheinen ganz aus dem H\u00e4uschen zu sein. Worum es auf ihrer Willkommensparty geht, ist jedoch unklar.<br \/>\nAndererseits \u2013 was kann schon passieren, wenn der modernste Kreuzer der Raumflotte auf ein paar Wilde trifft. Nichts, oder?<br \/>\n\u2026 Oder?<\/p>\n<hr \/>\n<h5><\/h5>\n<h5><strong>Pressestimmen:<\/strong><\/h5>\n<p><em><span class=\"article_neu\">&#8222;O.R.I.O.N. Space Opera geht weiter seinen unverwechselbaren Weg. Beim bisherigen Hauptautoren Guido Krain bedeutet das eine Verquickung von Science Fiction und Fantasy. Damit hebt sich die Serie von allen anderen derzeit erscheinenden Konkurrenzprodukten ab.&#8220;<\/span><\/em><\/p>\n<p style=\"text-align: right;\"><em><span class=\"article_neu\">Uwe Weiher (<a href=\"http:\/\/www.zauberspiegel-online.de\/index.php\/zauberstern-kolumnen-mainmenu-75\/zu-den-sternen\/29712-auf-unverwechselbarem-weg-schwarzauges-schergen-o-r-i-o-n-5\" target=\"_blank\" rel=\"noopener noreferrer\">Zauberspiegel<\/a>)<\/span><\/em><\/p>\n<p>&nbsp;<\/p>\n<p><em><span class=\"article_neu\">&#8222;Mit \u00bbSchwarzauges Schergen\u00ab beweist Guido Krain erneut, dass er Humor, Erotik, Action und Science-Fiction auf hochgradig am\u00fcsante und unterhaltsame Weise zu kombinieren vermag.&#8220;<\/span><\/em><\/p>\n<p style=\"text-align: right;\"><em><span class=\"article_neu\">Ralf Steinberg (<a href=\"http:\/\/fantasyguide.de\/schwarzauges-schergen-autor-guido-krain-orion-5.html\" target=\"_blank\" rel=\"noopener noreferrer\">Fantasyguide<\/a>)<\/span><\/em><\/p>\n<p>&nbsp;<\/p>\n<p><em><span class=\"article_neu\">&#8222;Der\u00a0 Autor,\u00a0 zuvor\u00a0 in\u00a0 erster\u00a0 Linie\u00a0 mit\u00a0 Fantasy\u00a0 in Erscheinung\u00a0 getreten, entfesselt\u00a0 hier\u00a0 ein\u00a0 Feuerwerk\u00a0 an\u00a0 Gags\u00a0 und \u00fcberraschenden\u00a0 Ideen, die die Lekt\u00fcre zu einem gelungenen\u00a0 Lesespa\u00df machen.&#8220;<\/span><\/em><\/p>\n<p style=\"text-align: right;\"><em><span class=\"article_neu\">Hermann Urbanek (<a href=\"http:\/\/www.facebook.com\/GeekMagazin\" target=\"_blank\" rel=\"noopener noreferrer\">Geek!-Magazin<\/a> Ausgabe 29)<\/span><\/em><\/p>\n<p>&nbsp;<\/p>\n<p><em><span class=\"article_neu\">&#8222;F\u00fcr den, der sich auf den Plot einl\u00e4sst, h\u00e4lt dieser markante, ungew\u00f6hnliche Figuren bereit, die uns eine so noch nicht gelesene Zukunft vorstellen.&#8220;<\/span><\/em><\/p>\n<p style=\"text-align: right;\"><em>Carsten Kuhr (<a href=\"http:\/\/www.phantastiknews.de\/index.php\/rezensionen\/12798-o-r-i-o-n-space-opera-5-schwarzauges-schergen-guido-krain-buch\" target=\"_blank\" rel=\"noopener noreferrer\">Phantastik-News<\/a>)<\/em><\/p>\n<p>&nbsp;<\/p>\n<p><em>&#8222;Sch\u00f6n bunte SF. Weniger wie Dick oder Zelazny, mehr wie Edmond Hamilton oder Alex Raymond, laut, bunt und mit Begeisterung erz\u00e4hlt.&#8220;<\/em><\/p>\n<p style=\"text-align: right;\"><em>Alfred Kruse (<a href=\"http:\/\/a3khh.blogspot.de\/2016\/12\/guido-krain-schwarzauges-schergen.html\" target=\"_blank\" rel=\"noopener noreferrer\">SF-Dinosaurier<\/a>)<\/em><\/p>\n<p>&nbsp;<\/p>\n<p>&nbsp;<\/p>\n","protected":false},"excerpt":{"rendered":"<p>Auf zu einem neuen Abenteuer mit meiner Freundin Pali und ihrem finsteren Freund Lorn. Diesmal geht [&hellip;]<\/p>\n","protected":false},"author":1,"featured_media":0,"parent":0,"menu_order":0,"comment_status":"closed","ping_status":"closed","template":"","meta":[],"_links":{"self":[{"href":"http:\/\/krain.de\/index.php?rest_route=\/wp\/v2\/pages\/863"}],"collection":[{"href":"http:\/\/krain.de\/index.php?rest_route=\/wp\/v2\/pages"}],"about":[{"href":"http:\/\/krain.de\/index.php?rest_route=\/wp\/v2\/types\/page"}],"author":[{"embeddable":true,"href":"http:\/\/krain.de\/index.php?rest_route=\/wp\/v2\/users\/1"}],"replies":[{"embeddable":true,"href":"http:\/\/krain.de\/index.php?rest_route=%2Fwp%2Fv2%2Fcomments&post=863"}],"version-history":[{"count":2,"href":"http:\/\/krain.de\/index.php?rest_route=\/wp\/v2\/pages\/863\/revisions"}],"predecessor-version":[{"id":1337,"href":"http:\/\/krain.de\/index.php?rest_route=\/wp\/v2\/pages\/863\/revisions\/1337"}],"wp:attachment":[{"href":"http:\/\/krain.de\/index.php?rest_route=%2Fwp%2Fv2%2Fmedia&parent=863"}],"curies":[{"name":"wp","href":"https:\/\/api.w.org\/{rel}","templated":true}]}}