{"id":873,"date":"2019-09-05T18:40:55","date_gmt":"2019-09-05T18:40:55","guid":{"rendered":"http:\/\/krain.de\/?page_id=873"},"modified":"2019-09-12T22:15:17","modified_gmt":"2019-09-12T22:15:17","slug":"abstieg-nach-valhalla","status":"publish","type":"page","link":"http:\/\/krain.de\/?page_id=873","title":{"rendered":"Abstieg nach Valhalla"},"content":{"rendered":"<p><img loading=\"lazy\" class=\"alignleft wp-image-811\" src=\"http:\/\/krain.de\/wp-content\/uploads\/2019\/09\/orion8.jpg\" alt=\"\" width=\"307\" height=\"480\" srcset=\"http:\/\/krain.de\/wp-content\/uploads\/2019\/09\/orion8.jpg 512w, http:\/\/krain.de\/wp-content\/uploads\/2019\/09\/orion8-192x300.jpg 192w\" sizes=\"(max-width: 307px) 100vw, 307px\" \/><\/p>\n<p>Roman &#8211; Science Fiction<br \/>\nO.R.I.O.N. Space-Opera Band 8<br \/>\nArunya-Verlag<br \/>\n<a href=\"https:\/\/www.arunya-verlag.de\/?product=abstieg-nach-valhalla\" target=\"_blank\" rel=\"noopener noreferrer\"><strong>Hardcover 14,90 \u20ac<\/strong><\/a><br \/>\nISBN 978-3-95810-014-5<br \/>\n<a href=\"https:\/\/www.amazon.de\/gp\/product\/B07D5D9P5F\/ref=as_li_tl?ie=UTF8&amp;camp=1638&amp;creative=6742&amp;creativeASIN=B07D5D9P5F&amp;linkCode=as2&amp;tag=arunyaverla0f-21&amp;linkId=c74a8aa15fd7dac36c4d7094e1d0a875\" target=\"_blank\" rel=\"noopener noreferrer\"><strong>eBook &#8211; 4,99 \u20ac<\/strong><\/a><br \/>\nCover und Innengrafiken: Shikomo<\/p>\n<p>&nbsp;<\/p>\n<h5><\/h5>\n<h5><strong>Klappentext:<\/strong><\/h5>\n<p><em><strong>Moralische Entscheidungen verhelfen dem Schlechten auf Kosten des Furchtbaren zum Sieg.<\/strong><\/em><\/p>\n<p>Wie sch\u00fctzt man ein Sternenreich vor dem Untergang? Besonders, wenn es alle Ressourcen aufbietet, um seine Retter zu vernichten? Um Milliarden Feinde zu retten schickt Kommandant Cody Callahan seine Crew in einen aussichtslosen Kampf und muss den Tod einer guten Freundin be-fehlen. Doch wie immer, wenn Helden in die Schlacht ziehen, k\u00f6nnen sie sich auf ein sagenhaftes Licht am Ende des Tunnels freuen \u2013 Valhalla.<\/p>\n<h5><\/h5>\n<h5><strong>Pressestimmen:<\/strong><\/h5>\n<p>&nbsp;<\/p>\n<blockquote><p><em>\u00bbAbstieg nach Valhalla\u00ab von Guido Krain treibt den gro\u00dfen Handlungsbogen der \u00bbO.R.I.O.N. Space Opera\u00ab spannungsgeladen weiter voran. Die deftige Mischung aus Abenteuer, Sex und Wow-Momenten macht auch den achten Band der Reihe zu einem Pageturner.<\/em><\/p><\/blockquote>\n<p style=\"text-align: right;\"><em>Ralf Steinberg (<a href=\"https:\/\/fantasyguide.de\/abstieg-nach-valhalla-autor-guido-krain-orion-8.html\" target=\"_blank\" rel=\"noopener noreferrer\">Fantasyguide.de<\/a>)<\/em><\/p>\n<p>&nbsp;<\/p>\n<blockquote><p><em>Das ist von seiner Ausgestaltung her recht einzigartig, verbindet jede Menge Action mit gar merkw\u00fcrdigen Alien-Zivilisationen und \u00fcberrascht mit einem nicht vorhersehbaren Finale.<\/em><\/p><\/blockquote>\n<p style=\"text-align: right;\"><em>Carsten Kuhr (<a href=\"https:\/\/www.phantastiknews.de\/index.php\/rezensionen\/15731-o-r-i-o-n-space-opera-8-abstieg-nach-valhalla-guido-krain-buch\" target=\"_blank\" rel=\"noopener noreferrer\">Phantastik-News.de<\/a>)<\/em><\/p>\n<p>&nbsp;<\/p>\n<blockquote><p><em>Guido Krain bleibt sich und seiner bisherigen Linie treu. Auch dieser Band ist wieder eine spritzige, bunte Space Opera mit viel Witz und etlichen Szenen zum Schmunzeln. Er versteht es aber durchaus auch ernste Gedanken einflie\u00dfen zu lassen. Wie kann man als toleranter Mensch mit fremdenfeindlichen religi\u00f6sen Fanatikern umgehen? Rechtfertigt die Rettung eines ganzen Volkes die T\u00f6tung einer begrenzten Zahl von Individuen?<\/em><\/p><\/blockquote>\n<p style=\"text-align: right;\"><em>Uwe Weiher (<a href=\"https:\/\/zauberspiegel-online.de\/index.php\/zauberstern-kolumnen-mainmenu-75\/zu-den-sternen\/33809-kampfmaschine-und-ueberwesen-abstieg-nach-valhalla-o-r-i-o-n-8\" target=\"_blank\" rel=\"noopener noreferrer\">Zauberspiegel<\/a>)<\/em><\/p>\n","protected":false},"excerpt":{"rendered":"<p>Roman &#8211; Science Fiction O.R.I.O.N. Space-Opera Band 8 Arunya-Verlag Hardcover 14,90 \u20ac ISBN 978-3-95810-014-5 eBook &#8211; [&hellip;]<\/p>\n","protected":false},"author":1,"featured_media":0,"parent":0,"menu_order":0,"comment_status":"closed","ping_status":"closed","template":"","meta":[],"_links":{"self":[{"href":"http:\/\/krain.de\/index.php?rest_route=\/wp\/v2\/pages\/873"}],"collection":[{"href":"http:\/\/krain.de\/index.php?rest_route=\/wp\/v2\/pages"}],"about":[{"href":"http:\/\/krain.de\/index.php?rest_route=\/wp\/v2\/types\/page"}],"author":[{"embeddable":true,"href":"http:\/\/krain.de\/index.php?rest_route=\/wp\/v2\/users\/1"}],"replies":[{"embeddable":true,"href":"http:\/\/krain.de\/index.php?rest_route=%2Fwp%2Fv2%2Fcomments&post=873"}],"version-history":[{"count":7,"href":"http:\/\/krain.de\/index.php?rest_route=\/wp\/v2\/pages\/873\/revisions"}],"predecessor-version":[{"id":1332,"href":"http:\/\/krain.de\/index.php?rest_route=\/wp\/v2\/pages\/873\/revisions\/1332"}],"wp:attachment":[{"href":"http:\/\/krain.de\/index.php?rest_route=%2Fwp%2Fv2%2Fmedia&parent=873"}],"curies":[{"name":"wp","href":"https:\/\/api.w.org\/{rel}","templated":true}]}}