{"id":890,"date":"2019-09-05T19:30:05","date_gmt":"2019-09-05T19:30:05","guid":{"rendered":"http:\/\/krain.de\/?page_id=890"},"modified":"2019-09-05T19:54:12","modified_gmt":"2019-09-05T19:54:12","slug":"schattenversuchungen","status":"publish","type":"page","link":"http:\/\/krain.de\/?page_id=890","title":{"rendered":"Schattenversuchungen"},"content":{"rendered":"<p><img loading=\"lazy\" class=\"alignleft wp-image-895\" src=\"http:\/\/krain.de\/wp-content\/uploads\/2019\/09\/Schattenversuchungen.jpg\" alt=\"\" width=\"298\" height=\"480\" srcset=\"http:\/\/krain.de\/wp-content\/uploads\/2019\/09\/Schattenversuchungen.jpg 620w, http:\/\/krain.de\/wp-content\/uploads\/2019\/09\/Schattenversuchungen-186x300.jpg 186w\" sizes=\"(max-width: 298px) 100vw, 298px\" \/><\/p>\n<p>Im Fabylon Verlag erscheint diese schaurig sch\u00f6ne Anthologie der Herausgeberin Alisha Bionda. In jahrelanger Feinarbeit hat sie hier einige der faszinierensten Geschichten der d\u00fcsteren Erotik zusammengetragen. Auf den ersten Blick ist zu erkennen, dass dieses Buch eine Herzensangelegenheit ist.<\/p>\n<p>Alisha Bionda selbst schreibt im Vorwort: &#8222;Diese Kurzgeschichtensammlung bietet das erste \u201eAppetith\u00e4ppchen\u201c der neuen d\u00fcster-phantastischen Erotikreihe ARS AMORIS im Sieben Verlag. Ein Hors d\u2019\u0153uvre erotischer Literatur, wie sie unterschiedlicher nicht sein kann. Sei es vordergr\u00fcndig, subtil oder in nur sehr fein wahrnehmbaren Nuancen. Erotik ist nicht f\u00fcr jeden gleich definierbar, f\u00fcr jeden anders empfindbar.<\/p>\n<p>Ob nun der intensive Blickkontakt in der Menge, die sanfte Ber\u00fchrung des Mannes, den man liebt, das zarte Streicheln \u00fcber die Wange, ein stimulierender Duft \u2013 oder der feuchte, ausdauernde Kuss zweier Liebenden, das lustvolle \u00d6ffnen des erwartungsvollen Scho\u00dfes, der harte Sturm auf enge Pforten \u2013 all das und noch viel mehr ist Erotik. Ich habe in den \u201eSchattenversuchungen\u201c bewusst eine sehr gro\u00dfe Bandbreite an Texten aufgenommen, die Erotik in allen Facetten betrachten und oft auch nur im weitesten Sinne erkennen lassen, weil jeder Leser seine Form der Sinneslust finden soll.&#8220;<\/p>\n<hr \/>\n<p>Anthologie &#8211; Phantastik\/Erotik<br \/>\nFabylon-Verlag<br \/>\n<a href=\"http:\/\/www.amazon.de\/gp\/product\/3927071358\/ref=as_li_tf_tl?ie=UTF8&amp;tag=fantasybuchde&amp;linkCode=as2&amp;camp=1638&amp;creative=6742&amp;creativeASIN=3927071358\" target=\"_blank\" rel=\"noopener noreferrer\"><strong>Paperback 16,50 \u20ac<\/strong><\/a><br \/>\nISBN 978-3-927071-40-7<br \/>\nCover: Crossvalley Smith<br \/>\nCoverartwork: Atelier Bonzai<\/p>\n<h5><strong>Klappentext:<\/strong><\/h5>\n<p><strong>Schatten<\/strong> \u2013 feine Nebelgespinste der Nacht, die die Sinne umschmeicheln &#8230;<br \/>\n<strong>Versuchungen<\/strong> \u2013 reizvoll, verbotenes Verlangen von K\u00f6rper und Geist &#8230;<\/p>\n<p>&#8230; lassen Sie sich von Autoren wie Christoph Marzi, Barbara B\u00fcchner, Christian von Aster, Ascan von Bargen, Alisha Bionda, Guido Krain, Aino Laos und weiteren Wortsch\u00f6pfern auf sehr unterschiedliche Weise in Versuchung bringen \u2013 und in das Reich der Schatten und der Erotik entf\u00fchren.<\/p>\n<p><strong>Erotik<\/strong> ist oft nur ein Blick, der sich in Seele und K\u00f6rper frisst und nicht wieder losl\u00e4sst. Ein L\u00e4cheln, ein koketter Wimpernschlag, eine sanfte Ber\u00fchrung oder eine feine Duftnote, die einen umgibt.<\/p>\n<p><strong>Erotik<\/strong> ist <em>die<\/em> feine Nuance, die geheime Saiten in uns zum Schwingen bringt, die zwischen den Zeilen schwingt und wie Safran unser Leben w\u00fcrzt &#8211; aber auch scharf wie Chili in jedem von uns brennt.<\/p>\n<p>Folgen Sie uns auf die d\u00fcster-phantastischen Pfade der Lust, des Schmerzes und der Erf\u00fcllung.<\/p>\n<p>Jede Story wurde von Crossvalley Smith, der auch das Covermotiv gestaltet hat, mit einer Innengrafik versehen.<br \/>\nDas Coverartwork stammt vom Atelier Bonzai.<\/p>\n<hr \/>\n<h5><\/h5>\n<h5>Mein Beitrag &#8222;Indigo&#8220;:<\/h5>\n<p>F\u00fcr mich war der Gedanke, an einer genre\u00fcbergreifenden Anthologie mitzuarbeiten, bei der unterschiedlichste Stilrichtungen nur durch den roten Faden der Sinnlichkeit miteinander verbunden werden, von Anfang an sehr faszinierend. Dem Anspruch entsprechend habe ich mich bem\u00fcht eine sehr eigene Facette hinzu zu f\u00fcgen.<\/p>\n<p>Mein eigener Beitrag &#8222;Indigo&#8220; erz\u00e4hlt eine uralte Legende aus der Elfenmondwelt. Ein einsamer und etwas zu ungeduldiger Reiter lernt, wie nah Schrecken und Vergn\u00fcgen einander sein k\u00f6nnen. Wieder einmal habe ich beim Schreiben feststellen d\u00fcrfen, wie facettenreich die sch\u00f6nste Sache der Welt im Spiel mit phantastischen Wesen und mystische Orten sein kann.<\/p>\n<hr \/>\n<h5><\/h5>\n<h5><strong>Pressestimmen:<\/strong><\/h5>\n<h6><\/h6>\n<h6><em>Rezension von<\/em> <a href=\"https:\/\/www.schattenwege.net\/rezensionen\/schattenversuchungen-hrsg-alisha-bionda\/\" target=\"_blank\" rel=\"noopener noreferrer\">Schattenwege<\/a><\/h6>\n<p>Wer harten und schnellen Sex in ungenierter Beschreibung sucht, der sollte Schattenversuchungen schnell wieder aus der Hand legen. Facettenliebhaber jedoch und solche, die es werden wollen, finden in dieser Anthologie viele M\u00f6glichkeiten der Erotik und Lust, verbunden mit ansprechenden Grafiken und phantastischen Elementen.<\/p>\n<h6><em>Rezension von <\/em>Elmar Huber &#8211; <a href=\"https:\/\/www.phantastik-couch.de\/titel\/6659-schattenversuchungen\/\" target=\"_blank\" rel=\"noopener noreferrer\">Phantastik-Couch.de<\/a><\/h6>\n<p>Klischeefreie Sammlung, die Lust auf mehr macht<\/p>\n","protected":false},"excerpt":{"rendered":"<p>Im Fabylon Verlag erscheint diese schaurig sch\u00f6ne Anthologie der Herausgeberin Alisha Bionda. In jahrelanger Feinarbeit hat [&hellip;]<\/p>\n","protected":false},"author":1,"featured_media":0,"parent":0,"menu_order":0,"comment_status":"closed","ping_status":"closed","template":"","meta":[],"_links":{"self":[{"href":"http:\/\/krain.de\/index.php?rest_route=\/wp\/v2\/pages\/890"}],"collection":[{"href":"http:\/\/krain.de\/index.php?rest_route=\/wp\/v2\/pages"}],"about":[{"href":"http:\/\/krain.de\/index.php?rest_route=\/wp\/v2\/types\/page"}],"author":[{"embeddable":true,"href":"http:\/\/krain.de\/index.php?rest_route=\/wp\/v2\/users\/1"}],"replies":[{"embeddable":true,"href":"http:\/\/krain.de\/index.php?rest_route=%2Fwp%2Fv2%2Fcomments&post=890"}],"version-history":[{"count":7,"href":"http:\/\/krain.de\/index.php?rest_route=\/wp\/v2\/pages\/890\/revisions"}],"predecessor-version":[{"id":899,"href":"http:\/\/krain.de\/index.php?rest_route=\/wp\/v2\/pages\/890\/revisions\/899"}],"wp:attachment":[{"href":"http:\/\/krain.de\/index.php?rest_route=%2Fwp%2Fv2%2Fmedia&parent=890"}],"curies":[{"name":"wp","href":"https:\/\/api.w.org\/{rel}","templated":true}]}}