{"id":916,"date":"2019-09-05T20:38:51","date_gmt":"2019-09-05T20:38:51","guid":{"rendered":"http:\/\/krain.de\/?page_id=916"},"modified":"2019-09-05T20:39:54","modified_gmt":"2019-09-05T20:39:54","slug":"dark-ladies-3","status":"publish","type":"page","link":"http:\/\/krain.de\/?page_id=916","title":{"rendered":"Dark Ladies 3"},"content":{"rendered":"<p><img loading=\"lazy\" class=\"alignleft wp-image-912\" src=\"http:\/\/krain.de\/wp-content\/uploads\/2019\/09\/DL3kl.jpg\" alt=\"\" width=\"293\" height=\"480\" srcset=\"http:\/\/krain.de\/wp-content\/uploads\/2019\/09\/DL3kl.jpg 489w, http:\/\/krain.de\/wp-content\/uploads\/2019\/09\/DL3kl-183x300.jpg 183w\" sizes=\"(max-width: 293px) 100vw, 293px\" \/>Nach dem gro\u00dfen und anhaltenden Erfolg des Dark Ladies Doppelbandes war es definitiv Zeit f\u00fcr eine Fortsetzung. Mit dreij\u00e4hriger Versp\u00e4tung setzt diese Anthologie die &#8222;Dark Ladies&#8220; fort.<\/p>\n<p>Wie schon in den ersten beiden B\u00fcchern geht es um d\u00fcstere, mystische Geschichten um starke Frauen. Und wie bei den Vorg\u00e4ngern wurde auch hier jede Geschichte nach bereits bestehenden Bildern der Illustratorin Gaby Hylla geschrieben. Und erneut hat die Herausgeberin Alisha Bionda eine illustre Autorenriege f\u00fcr das Projekt verpflichten k\u00f6nnen.<\/p>\n<p>Nat\u00fcrlich freue ich mich, dass auch ich wieder mit von der Partie bin.<\/p>\n<hr \/>\n<p>Anthologie &#8211; Phantastik\/Erotik<br \/>\nFabylon-Verlag<br \/>\n<a href=\"http:\/\/www.amazon.de\/gp\/product\/3927071854\/ref=as_li_tf_tl?ie=UTF8&amp;tag=fantasybuchde&amp;linkCode=as2&amp;camp=1638&amp;creative=6742&amp;creativeASIN=3927071854\" target=\"_blank\" rel=\"noopener noreferrer\"><strong>Paperback 13,50 \u20ac<\/strong><\/a><br \/>\nISBN 9783927071858<br \/>\n<a href=\"http:\/\/www.amazon.de\/gp\/product\/B0095V3JUS\/ref=as_li_tf_tl?ie=UTF8&amp;camp=1638&amp;creative=6742&amp;creativeASIN=B0095V3JUS&amp;linkCode=as2&amp;tag=fantasybuchde\" target=\"_blank\" rel=\"noopener noreferrer\"><strong>eBook 3,49<\/strong> <strong>\u20ac<\/strong><\/a><br \/>\nCover: Gaby Hylla<\/p>\n<h5><strong>Klappentext:<\/strong><\/h5>\n<p>Sexy und gef\u00e4hrlich, erotisch und stark.<\/p>\n<p>Zum dritten Mal entf\u00fchren geheimnisvolle Dunkle Damen in fremde Welten, Tr\u00e4ume und Fantasien. Gehen Sie mit auf die Reise, aber Vorsicht: Es k\u00f6nnte gef\u00e4hrlich werden &#8230;<\/p>\n<hr \/>\n<h5><\/h5>\n<h5>Mein Beitrag &#8222;Tynvars K\u00e4tzchen&#8220;:<\/h5>\n<p>Tynvar lebt f\u00fcr den Krieg. Ein guter Tag endet f\u00fcr ihn damit, volltrunken und mit verkrustetem Blut bedeckt ins Bett der T\u00f6chter seiner Feinde zu fallen. Seine Lieblingsmusik ist das Geschrei der Frauen und das dumpfe Ger\u00e4usch seiner Axt, wenn sie durch Fleisch und Knochen schneidet. Tynvar als brutalen Kriegsf\u00fcrsten ohne Gewissen und Moral zu bezeichnen, w\u00e4re ein Kompliment.<br \/>\nDoch auch die blutr\u00fcnstigsten Kriegsf\u00fcrsten sind vor gewissen, von sch\u00f6nen Frauen erteilten Lektionen nicht sicher. Auch der m\u00e4chtigste Krieger ist nur so viel Mann, wie eine Frau ihn Mann sein l\u00e4sst.<\/p>\n<hr \/>\n<h5><\/h5>\n<h5><strong>Pressestimmen:<\/strong><\/h5>\n<h6><\/h6>\n<h6><em>Rezension von<\/em> Carsten Kuhr &#8211; <a href=\"http:\/\/www.phantastiknews.de\/joomla\/index.php?option=com_content&amp;view=article&amp;id=5352:alisha-bionda-hrsg-der-erotische-traum-dark-ladies-3-buch&amp;catid=42:rezensionen&amp;Itemid=62\" target=\"_blank\" rel=\"noopener noreferrer\">Phantastiknews.de<\/a><\/h6>\n<p>Auf <a href=\"http:\/\/www.phantastiknews.de\/joomla\/index.php?option=com_content&amp;view=article&amp;id=5352:alisha-bionda-hrsg-der-erotische-traum-dark-ladies-3-buch&amp;catid=42:rezensionen&amp;Itemid=62\" target=\"_blank\" rel=\"noopener noreferrer\">Phantastiknews.de<\/a> ist eine detailierteRezension \u00fcber den dritten Teil der dunklen Damen erschienen. Rezensent Carsten Kuhr findet sehr freundliche Worte. Zitat:<\/p>\n<blockquote>\n<address><strong>&#8222;Das Ergebnis kann sich erneut sehen, respektive lesen lassen. Nicht immer sind es phantastische Storys, die den Connaisseur erwarten, alle Beitr\u00e4ge bewegen sich aber sowohl stilistisch wie auch in der Art und Weise, wie die Erotik dargestellt wird, auf erfreulich hohem Niveau. Nie plakativ oder vulg\u00e4r, stattdessen immer voller Pepp, \u00fcberraschenden Wendungen und viel Stimmung, legt die Herausgeberin ein gar abwechslungsreiches Panoptikum der Lust und der Phantasie vor.&#8220;<\/strong><\/address>\n<\/blockquote>\n<p>Und auch sein Fazit ist sehr positiv:<\/p>\n<blockquote>\n<address><strong>&#8222;Wie man sieht, ist f\u00fcr jeden Geschmack etwas dabei, so dass Genie\u00dfer des kurzen Textes auf ihre Kosten kommen.&#8220;<\/strong><\/address>\n<\/blockquote>\n<p>&nbsp;<\/p>\n<p>&nbsp;<\/p>\n","protected":false},"excerpt":{"rendered":"<p>Nach dem gro\u00dfen und anhaltenden Erfolg des Dark Ladies Doppelbandes war es definitiv Zeit f\u00fcr eine [&hellip;]<\/p>\n","protected":false},"author":1,"featured_media":0,"parent":0,"menu_order":0,"comment_status":"closed","ping_status":"closed","template":"","meta":[],"_links":{"self":[{"href":"http:\/\/krain.de\/index.php?rest_route=\/wp\/v2\/pages\/916"}],"collection":[{"href":"http:\/\/krain.de\/index.php?rest_route=\/wp\/v2\/pages"}],"about":[{"href":"http:\/\/krain.de\/index.php?rest_route=\/wp\/v2\/types\/page"}],"author":[{"embeddable":true,"href":"http:\/\/krain.de\/index.php?rest_route=\/wp\/v2\/users\/1"}],"replies":[{"embeddable":true,"href":"http:\/\/krain.de\/index.php?rest_route=%2Fwp%2Fv2%2Fcomments&post=916"}],"version-history":[{"count":4,"href":"http:\/\/krain.de\/index.php?rest_route=\/wp\/v2\/pages\/916\/revisions"}],"predecessor-version":[{"id":918,"href":"http:\/\/krain.de\/index.php?rest_route=\/wp\/v2\/pages\/916\/revisions\/918"}],"wp:attachment":[{"href":"http:\/\/krain.de\/index.php?rest_route=%2Fwp%2Fv2%2Fmedia&parent=916"}],"curies":[{"name":"wp","href":"https:\/\/api.w.org\/{rel}","templated":true}]}}