{"id":921,"date":"2019-09-05T21:09:49","date_gmt":"2019-09-05T21:09:49","guid":{"rendered":"http:\/\/krain.de\/?page_id=921"},"modified":"2019-09-05T21:28:27","modified_gmt":"2019-09-05T21:28:27","slug":"das-glueck-saramees","status":"publish","type":"page","link":"http:\/\/krain.de\/?page_id=921","title":{"rendered":"Das Gl\u00fcck Saramees"},"content":{"rendered":"<p><img loading=\"lazy\" class=\"alignleft wp-image-924\" src=\"http:\/\/krain.de\/wp-content\/uploads\/2019\/09\/SarameeDGkl.jpg\" alt=\"\" width=\"342\" height=\"480\" srcset=\"http:\/\/krain.de\/wp-content\/uploads\/2019\/09\/SarameeDGkl.jpg 570w, http:\/\/krain.de\/wp-content\/uploads\/2019\/09\/SarameeDGkl-214x300.jpg 214w\" sizes=\"(max-width: 342px) 100vw, 342px\" \/><\/p>\n<p>Der zweite Saramee-Band, zum dem ich eine Geschichte Beisteuern konnte. In meiner Geschichte &#8222;Goldrausch&#8220; macht ein Dieb eine Erfahrungs f\u00fcrs Leben.<\/p>\n<hr \/>\n<p>Anthologie &#8211; Fantasy<br \/>\nAtlantis-Verlag<br \/>\n<a href=\"http:\/\/www.amazon.de\/gp\/product\/3941258176\/ref=as_li_tf_tl?ie=UTF8&amp;tag=fantasybuchde&amp;linkCode=as2&amp;camp=1638&amp;creative=6742&amp;creativeASIN=3941258176\" target=\"_blank\" rel=\"noopener noreferrer\"><strong>Paperback 12,90 \u20ac<\/strong><\/a><br \/>\nISBN 978-3-941258-17-4<br \/>\nCover: Chris Schlicht<\/p>\n<h5><strong>Klappentext:<\/strong><\/h5>\n<p>Saramee &#8211; eine Stadt unz\u00e4hliger Schicksale, Abenteuer und Geschichten. Einige hiervon werden in dieser Anthologie erz\u00e4hlt.<\/p>\n<ul>\n<li>Das Gl\u00fcck Saramees &#8211; Stephan R. Bellem<\/li>\n<li>Mit Brief und Siegel &#8211; Katja Brandis<\/li>\n<li>Das G\u00f6tzenloch &#8211; Tom Cohel<\/li>\n<li>Abu Risas zweite Chance &#8211; Andrea Tillmanns<\/li>\n<li>Der Glanz der Durtone &#8211; Michael Schmidt<\/li>\n<li>Goldrausch &#8211; Guido Krain<\/li>\n<li>Neue Wege &#8211; Chris Schlicht<\/li>\n<li>Das 226. Elixier &#8211; Tobias Radloff<\/li>\n<li>Turm der Fallen &#8211; Markus K. Korb<\/li>\n<li>In den G\u00e4rten von Bol D\u2019Agon &#8211; Arthur Gordon Wolf<\/li>\n<li>Helden der Nacht &#8211; Christian Endres<\/li>\n<li>Tr\u00e4ume, Bl\u00fcten und Lik\u00f6re -Martin Clau\u00df<\/li>\n<li>Dschungelatem &#8211; Linda Budinger<\/li>\n<li>Das Geheimnis der Schatulle &#8211; Alfred Bekker &amp; Hendrik M. Bekker<\/li>\n<\/ul>\n<hr \/>\n<h5><\/h5>\n<h5>Mein Beitrag &#8222;Goldrausch&#8220;:<\/h5>\n<p>Die Stadt Saramee lebt von den vielen Fremden und den Geheimnissen, die diese im Gep\u00e4ck haben. Doch einige Geheimnisse sind tief in der Stadt und ihrer Gesellschaft verwurzelt. Neugier ist deshalb neben Gier Todesursache Nr. 1 in Saramee.<\/p>\n<p>In meiner Geschichte geht es um einen Dieb, der beide Eigenschaften im \u00dcberfluss besitzt, daf\u00fcr aber keine Gewissensbisse kennt. Seinen Raubzug im ortsans\u00e4ssigen Waisenhaus hatte er sich deshalb vermutlich ganz anders vorgestellt&#8230;<\/p>\n<hr \/>\n<p>&nbsp;<\/p>\n","protected":false},"excerpt":{"rendered":"<p>Der zweite Saramee-Band, zum dem ich eine Geschichte Beisteuern konnte. In meiner Geschichte &#8222;Goldrausch&#8220; macht ein [&hellip;]<\/p>\n","protected":false},"author":1,"featured_media":0,"parent":0,"menu_order":0,"comment_status":"closed","ping_status":"closed","template":"","meta":[],"_links":{"self":[{"href":"http:\/\/krain.de\/index.php?rest_route=\/wp\/v2\/pages\/921"}],"collection":[{"href":"http:\/\/krain.de\/index.php?rest_route=\/wp\/v2\/pages"}],"about":[{"href":"http:\/\/krain.de\/index.php?rest_route=\/wp\/v2\/types\/page"}],"author":[{"embeddable":true,"href":"http:\/\/krain.de\/index.php?rest_route=\/wp\/v2\/users\/1"}],"replies":[{"embeddable":true,"href":"http:\/\/krain.de\/index.php?rest_route=%2Fwp%2Fv2%2Fcomments&post=921"}],"version-history":[{"count":3,"href":"http:\/\/krain.de\/index.php?rest_route=\/wp\/v2\/pages\/921\/revisions"}],"predecessor-version":[{"id":934,"href":"http:\/\/krain.de\/index.php?rest_route=\/wp\/v2\/pages\/921\/revisions\/934"}],"wp:attachment":[{"href":"http:\/\/krain.de\/index.php?rest_route=%2Fwp%2Fv2%2Fmedia&parent=921"}],"curies":[{"name":"wp","href":"https:\/\/api.w.org\/{rel}","templated":true}]}}