{"id":952,"date":"2019-09-05T22:11:29","date_gmt":"2019-09-05T22:11:29","guid":{"rendered":"http:\/\/krain.de\/?page_id=952"},"modified":"2019-09-05T22:13:15","modified_gmt":"2019-09-05T22:13:15","slug":"funken-der-unendlichkeit","status":"publish","type":"page","link":"http:\/\/krain.de\/?page_id=952","title":{"rendered":"Funken der Unendlichkeit"},"content":{"rendered":"<p><img loading=\"lazy\" class=\"alignleft wp-image-805\" src=\"http:\/\/krain.de\/wp-content\/uploads\/2019\/09\/phantastisches-25.jpg\" alt=\"\" width=\"306\" height=\"480\" srcset=\"http:\/\/krain.de\/wp-content\/uploads\/2019\/09\/phantastisches-25.jpg 637w, http:\/\/krain.de\/wp-content\/uploads\/2019\/09\/phantastisches-25-191x300.jpg 191w\" sizes=\"(max-width: 306px) 100vw, 306px\" \/><\/p>\n<p>Dies ist der erste Band der Serie &#8222;O.R.I.O.N. Space Opera&#8220;, die ich gemeinsam mit Alisha Bionda im Arunya-Verlag herausgebe. Ich beteilige mich hier rege als Autor und zeichne\u00a0 f\u00fcr die Entwicklung der zugeh\u00f6rigen Hintergrundwelt verantwortlich. Der Aufh\u00e4nger zur Reihe stammt jedoch von Alisha, die ja f\u00fcr ihren Ideenreichtum bekannt ist und zahlreiche weitere Reihen herausgibt.<\/p>\n<p>Dieser 254 Seiten starke Opener-Band FUNKEN DER UNENDLICHKEIT geht f\u00fcr kosteng\u00fcnstige 13,90 Euro \u00fcber die Ladentheke. Dem Novellenband folgen im Halbjahresrhythmus komplexe Romane. Grafisch betreut wird das Ganze von Shikomo, der auch das Serienlogo entwarf.<\/p>\n<hr \/>\n<p>Anthologie &#8211; Science Fiction<br \/>\nO.R.I.O.N. Space-Opera Band 1<br \/>\nArunya-Verlag<br \/>\n<a href=\"https:\/\/www.arunya-verlag.de\/?product=funken-der-unendlichkeit\" target=\"_blank\" rel=\"noopener noreferrer\"><strong>Hardcover 13,90 \u20ac<\/strong><\/a><br \/>\nISBN 978-3-95810-002-2<br \/>\n<a href=\"http:\/\/www.amazon.de\/gp\/product\/B00OJS3RLS\/ref=as_li_tl?ie=UTF8&amp;camp=1638&amp;creative=6742&amp;creativeASIN=B00OJS3RLS&amp;linkCode=as2&amp;tag=fantasybuchde&amp;linkId=3JXTZ2B6LCZBSUOM\" target=\"_blank\" rel=\"noopener noreferrer\"><strong>eBook &#8211; 4,99 \u20ac<\/strong><\/a><br \/>\nCover und Innengrafiken: Shikomo<\/p>\n<h5><strong>Klappentext:<\/strong><\/h5>\n<p>Die Serie\u00a0O.R.I.O.N. Space Opera erz\u00e4hlt temporeiche, moderne Science Fiction, die mit einer starken Allergie gegen Langeweile zur Welt gekommen ist. Wir laden Sie ein, an Bord zu kommen und den Start einer geheimen Mission ins Unbekannte mitzuerleben. In vier Episoden stellen die Stammautoren die bunte Truppe vor, die in den kommenden Jahren das Abenteuer ihres Lebens bestreiten wird.<\/p>\n<h3>Autoren:<\/h3>\n<p><strong>Martin Barkawitz<\/strong> &amp; <strong>Norma Feye &amp; Guido Krain<\/strong><\/p>\n<h3>Beitr\u00e4ge:<\/h3>\n<p><strong>VORWORT: O.R.I.O.N. &#8211; Space Opera<br \/>\n<\/strong><em>Alisha Bionda &amp; Guido Krain<\/em><\/p>\n<p><strong>DER PREDATOR VON BELLARIS<\/strong><br \/>\n<em>Guido Krain<\/em><\/p>\n<p><strong>PAPAGEIENBANDE<br \/>\n<\/strong><em>Norma Feye<\/em><\/p>\n<p><strong>PROJEKT EIGHTBALL<\/strong><br \/>\n<em>Martin Barkawitz<br \/>\n<\/em><\/p>\n<p><strong>ZOMBIE AUF KARTOFFEL<\/strong><br \/>\n<em>Guido Krain<\/em><\/p>\n<hr \/>\n<p>&nbsp;<\/p>\n<h5><strong>Pressestimmen:<\/strong><\/h5>\n<p><em><span class=\"article_neu\">&#8222;F\u00fcr Fans der Space Opera ist der erste Band auf jeden Fall zu empfehlen. Es gibt Action, witzige Spr\u00fcche und au\u00dfergew\u00f6hnliche Crewmitglieder. Hier fallen besonders die weiblichen Mitreisenden mit ihren exotischen Haut- und Haarfarben auf. Lange Beschreibungen von Details, wie zum Beispiel des Schiffausbaus oder wie der Antrieb funktioniert, brechen nicht den Lesefluss. Es wird mehr Wert auf die Story und die Interaktion zwischen den Akteuren gelegt.&#8220;<\/span><\/em><\/p>\n<p style=\"text-align: right;\"><em>Sylvana Freyberg (<a href=\"https:\/\/deutsche-science-fiction.de\/?p=4257\" target=\"_blank\" rel=\"noopener noreferrer\">Deutsche Science Fiction<\/a>)<\/em><\/p>\n<p>&nbsp;<\/p>\n<p><em>&#8222;Die Space Opera O.R.I.O.N. beginnt rasant und ist auf jeden Fall einen n\u00e4heren und auch weiteren Blick wert.&#8220;<\/em><\/p>\n<p style=\"text-align: right;\"><em>Ralf Steinberg (<a href=\"https:\/\/fantasyguide.de\/13906.html\" target=\"_blank\" rel=\"noopener noreferrer\">Fantasyguide.de<\/a>)<\/em><\/p>\n<p>&nbsp;<\/p>\n","protected":false},"excerpt":{"rendered":"<p>Dies ist der erste Band der Serie &#8222;O.R.I.O.N. Space Opera&#8220;, die ich gemeinsam mit Alisha Bionda [&hellip;]<\/p>\n","protected":false},"author":1,"featured_media":0,"parent":0,"menu_order":0,"comment_status":"closed","ping_status":"closed","template":"","meta":[],"_links":{"self":[{"href":"http:\/\/krain.de\/index.php?rest_route=\/wp\/v2\/pages\/952"}],"collection":[{"href":"http:\/\/krain.de\/index.php?rest_route=\/wp\/v2\/pages"}],"about":[{"href":"http:\/\/krain.de\/index.php?rest_route=\/wp\/v2\/types\/page"}],"author":[{"embeddable":true,"href":"http:\/\/krain.de\/index.php?rest_route=\/wp\/v2\/users\/1"}],"replies":[{"embeddable":true,"href":"http:\/\/krain.de\/index.php?rest_route=%2Fwp%2Fv2%2Fcomments&post=952"}],"version-history":[{"count":2,"href":"http:\/\/krain.de\/index.php?rest_route=\/wp\/v2\/pages\/952\/revisions"}],"predecessor-version":[{"id":954,"href":"http:\/\/krain.de\/index.php?rest_route=\/wp\/v2\/pages\/952\/revisions\/954"}],"wp:attachment":[{"href":"http:\/\/krain.de\/index.php?rest_route=%2Fwp%2Fv2%2Fmedia&parent=952"}],"curies":[{"name":"wp","href":"https:\/\/api.w.org\/{rel}","templated":true}]}}