{"id":990,"date":"2019-09-06T09:33:58","date_gmt":"2019-09-06T09:33:58","guid":{"rendered":"http:\/\/krain.de\/?page_id=990"},"modified":"2019-09-06T09:33:58","modified_gmt":"2019-09-06T09:33:58","slug":"blutjung-der-vampir-der-mich-liebte","status":"publish","type":"page","link":"http:\/\/krain.de\/?page_id=990","title":{"rendered":"BLUTJUNG, der Vampir, der mich liebte"},"content":{"rendered":"<p><img loading=\"lazy\" class=\"alignleft wp-image-991\" src=\"http:\/\/krain.de\/wp-content\/uploads\/2019\/09\/Cover.jpg\" alt=\"\" width=\"304\" height=\"480\" srcset=\"http:\/\/krain.de\/wp-content\/uploads\/2019\/09\/Cover.jpg 1076w, http:\/\/krain.de\/wp-content\/uploads\/2019\/09\/Cover-190x300.jpg 190w, http:\/\/krain.de\/wp-content\/uploads\/2019\/09\/Cover-768x1213.jpg 768w, http:\/\/krain.de\/wp-content\/uploads\/2019\/09\/Cover-648x1024.jpg 648w\" sizes=\"(max-width: 304px) 100vw, 304px\" \/>Diese Anthologie enth\u00e4lt nicht nur meine erste Vampirgeschichte, ich durfte sogar die Titelstory beitragen. Ich muss zugeben, dass es mir Appetit gemacht hat.<\/p>\n<hr \/>\n<p>Anthologie &#8211; Dunkle Phantastik\/Erotik<br \/>\nArunya-Verlag<br \/>\n<strong>Hardcover 14,90 \u20ac<\/strong><br \/>\nISBN <strong>978-3-95810-007-7<\/strong><br \/>\nCover+Innengrafiken: Shikomo<\/p>\n<h5><strong>Klappentext:<\/strong><\/h5>\n<p><em><strong>Erotische Vampirgeschichten f\u00fcr abgr\u00fcndige Momente und hei\u00dfkalte Genie\u00dfer.<\/strong><\/em><\/p>\n<p>Tanya Carpenter, Norma Feye, Steve Hogan, Guido Krain, Susanna Montua, Sophie Oliver, Miriam Rademacher, Sophia Rudolph und Marco Zamio entf\u00fchren Sie in neun bissig-pikante Abenteuer.<\/p>\n<hr \/>\n<h5><\/h5>\n<h5>Mein Beitrag &#8222;Blutjung&#8220;:<\/h5>\n<p>Liebe. Jeder glaubt sie zu kennen. Und doch gibt es kein so missbrauchtes Wort f\u00fcr dieses seltenste aller Gef\u00fchle. Wahre Liebe k\u00fcmmert sich nicht um Sch\u00f6nheit, Geschlecht oder Moral. Sie ist ein Naturgesetz und wen sie einmal im Griff hat, den l\u00e4sst sie nie wieder los. Wer jemals wahre Liebe erlebte ist entweder gl\u00fccklich oder tr\u00e4gt tiefe Narben auf der Seele, die er nie wieder los wird. Liebe ist eine gef\u00e4hrliche G\u00f6ttin und ihre Schwester ist der Tod.<\/p>\n<p>Unschuldige junge M\u00e4dchen sind ein besonderer Leckerbissen f\u00fcr die Gesch\u00f6pfe der Nacht. Doch Gourmets haben es in diesen Zeiten lockerer Moral alles andere als leicht, junges unber\u00fchrtes Blut zu kosten. Fast immer sind die dummen Dinger schon durch dutzende H\u00e4nde gegangen, bevor sie in die k\u00fchlen Arme der Dunkelheit geraten. Unschuld ist so selten geworden, dass sie selbst tote Herzen in Wallung bringt. Und je \u00e4lter ein Vampir ist, umso leichter schl\u00e4gt er die mahnenden Worte seiner Eltern in den Wind, niemals mit dem Essen zu spielen. Manche Fehler macht man eben nur einmal \u2026<\/p>\n<hr \/>\n<p>&nbsp;<\/p>\n<p>&nbsp;<\/p>\n","protected":false},"excerpt":{"rendered":"<p>Diese Anthologie enth\u00e4lt nicht nur meine erste Vampirgeschichte, ich durfte sogar die Titelstory beitragen. Ich muss [&hellip;]<\/p>\n","protected":false},"author":1,"featured_media":0,"parent":0,"menu_order":0,"comment_status":"closed","ping_status":"closed","template":"","meta":[],"_links":{"self":[{"href":"http:\/\/krain.de\/index.php?rest_route=\/wp\/v2\/pages\/990"}],"collection":[{"href":"http:\/\/krain.de\/index.php?rest_route=\/wp\/v2\/pages"}],"about":[{"href":"http:\/\/krain.de\/index.php?rest_route=\/wp\/v2\/types\/page"}],"author":[{"embeddable":true,"href":"http:\/\/krain.de\/index.php?rest_route=\/wp\/v2\/users\/1"}],"replies":[{"embeddable":true,"href":"http:\/\/krain.de\/index.php?rest_route=%2Fwp%2Fv2%2Fcomments&post=990"}],"version-history":[{"count":2,"href":"http:\/\/krain.de\/index.php?rest_route=\/wp\/v2\/pages\/990\/revisions"}],"predecessor-version":[{"id":993,"href":"http:\/\/krain.de\/index.php?rest_route=\/wp\/v2\/pages\/990\/revisions\/993"}],"wp:attachment":[{"href":"http:\/\/krain.de\/index.php?rest_route=%2Fwp%2Fv2%2Fmedia&parent=990"}],"curies":[{"name":"wp","href":"https:\/\/api.w.org\/{rel}","templated":true}]}}