{"id":994,"date":"2019-09-06T09:55:54","date_gmt":"2019-09-06T09:55:54","guid":{"rendered":"http:\/\/krain.de\/?page_id=994"},"modified":"2019-09-06T10:23:31","modified_gmt":"2019-09-06T10:23:31","slug":"sherlock-holmes-und-das-druidengrab","status":"publish","type":"page","link":"http:\/\/krain.de\/?page_id=994","title":{"rendered":"Sherlock Holmes und das Druidengrab"},"content":{"rendered":"<p><img loading=\"lazy\" class=\"alignleft wp-image-997\" src=\"http:\/\/krain.de\/wp-content\/uploads\/2019\/09\/SHUDDG.jpg\" alt=\"\" width=\"308\" height=\"480\" srcset=\"http:\/\/krain.de\/wp-content\/uploads\/2019\/09\/SHUDDG.jpg 681w, http:\/\/krain.de\/wp-content\/uploads\/2019\/09\/SHUDDG-192x300.jpg 192w, http:\/\/krain.de\/wp-content\/uploads\/2019\/09\/SHUDDG-656x1024.jpg 656w\" sizes=\"(max-width: 308px) 100vw, 308px\" \/><\/p>\n<p>P\u00fcnktlich zum Sherlock Holmes Jahr 2012 startet mit &#8222;Sherlock Holmes und das Druidengrab&#8220; Alisha Biondas Reihe &#8222;Meisterdetektive&#8220;. Nat\u00fcrlich geht es &#8211; wie der Name vermuten l\u00e4sst &#8211; um Kriminalf\u00e4lle, die von au\u00dfergew\u00f6hnlich f\u00e4higen Ermittlern gel\u00f6st werden. Wie k\u00f6nnte diese Reihe anders starten als mit einer Anthologie zum Urbild aller Detektive &#8211; Sherlock Holmes? Und nat\u00fcrlich freue ich mich, dass ich hier einen Beitrag leisten konnte. Wie schon in der Kurzgeschichtensammlung &#8222;<a href=\"http:\/\/guido.krain.de\/index.php?option=com_content&amp;view=category&amp;layout=blog&amp;id=38&amp;Itemid=55\">Der verwunschene Sch\u00e4del<\/a>&#8220; sollen auch hier neue Abenteuer des viktorianischen Logikers gesammelt werden, die \u00fcbernat\u00fcrliche oder scheinbar \u00fcbernat\u00fcrliche Komponenten aufweisen.<\/p>\n<p>Wenn Sie Krimis und phantastische Literatur m\u00f6gen, ist die Anthologie bestimmt etwas f\u00fcr Sie.<\/p>\n<hr \/>\n<p>Anthologie &#8211; Krimi<br \/>\nFabylon-Verlag<br \/>\n<a href=\"http:\/\/www.amazon.de\/gp\/product\/3927071757\/ref=as_li_tf_tl?ie=UTF8&amp;tag=fantasybuchde&amp;linkCode=as2&amp;camp=1638&amp;creative=6742&amp;creativeASIN=3927071757\" target=\"_blank\" rel=\"noopener noreferrer\"><strong>Paperback 14,90 \u20ac<\/strong><\/a><br \/>\nISBN 978-3-927071-759<br \/>\n<a href=\"http:\/\/www.amazon.de\/gp\/product\/B009EU8UXG\/ref=as_li_tf_tl?ie=UTF8&amp;camp=1638&amp;creative=6742&amp;creativeASIN=B009EU8UXG&amp;linkCode=as2&amp;tag=krain-21\" target=\"_blank\" rel=\"noopener noreferrer\"><strong>eBook 4,49 \u20ac<\/strong><\/a><br \/>\nCovergrafik: Crossvalley Smith<br \/>\nCoverartwork: Atelier Bonzai<\/p>\n<h5>Klappentext<\/h5>\n<p><em>&#8222;Ich glaube, alles, was aus dem Gew\u00f6hnlichen herausf\u00e4llt, ist der M\u00fche wert, berichtet zu werden.\u201d<br \/>\nSherlock Holmes \u2013 Der Hund von Baskerville<\/em><\/p>\n<p>Arthur Conan Doyle schuf vor 125 Jahren den literarisch gr\u00f6\u00dften Meisterdetektiv aller Zeiten. Seit seinem Tod haben zeitgen\u00f6ssische Autoren Sherlock Holmes und seinen treuen Freund Dr. Watson in neue F\u00e4lle verwickelt und somit f\u00fcr die Leser am Leben erhalten.<\/p>\n<p>Volker B\u00e4tz, Tanja Bern, Anke Bracht, Barbara B\u00fcchner, die die Titelstory bestreitet, Tanya Carpenter, Andreas Fl\u00f6gel, Ruth M. Fuchs, D\u00e9sir\u00e9e Hoese, Guido Krain, S\u00f6ren Prescher, Ram\u00f3n Scapari, Vincent Voss und Klaus P. Walter konfrontieren Holmes und seinen messerscharfen Verstand in diesem Kurzgeschichtenband mit mystischen F\u00e4llen \u2013 meisterhaft bebildert von Crossvalley Smith.<\/p>\n<p>So stellen sich Sherlock Holmes wieder viele Fragen. Geht tats\u00e4chlich ein Vampir in London um? Gibt es wirklich einen Geist auf Carnington Hall, der sein Unwesen treibt? Was hat es mit den Stimmen aus dem Jenseits auf sich? Und welches Geheimnis steckt hinter der brennden Br\u00fccke?<\/p>\n<hr \/>\n<h5><\/h5>\n<h5><strong>Mein Beitrag &#8222;Die Geisterschlange&#8220;:<\/strong><\/h5>\n<p>Eigentlich h\u00e4tte es ein gem\u00fctliches Wochenende am Kamin eines alten Freundes werden sollen. Doch was ist schon gem\u00fctlich f\u00fcr einen Mann, der seine freie Zeit an der Seite eines Meisterdetektivs verbringt? T\u00fcr an T\u00fcr mit einem unsichtbaren Meuchler verlebt Dr. Watson eine m\u00f6rderische Zeit auf Burg Castonhall. Sicher ist allenfalls die Feststellung, dass die Bemerkungen seines Freundes Sherlock Holmes nicht das Bissigste in dem alten Gem\u00e4uer sind.<\/p>\n<p>Diese Geschichte wurde ein paar Jahre sp\u00e4ter vom Winterzeit-Verlag aufgenommen und in den &#8222;Sherlock Holmes Chronicles Nr. 52&#8220; als H\u00f6rspiel ver\u00f6ffentlicht.<\/p>\n<hr \/>\n<h5><\/h5>\n<h5><strong>Pressestimmen:<\/strong><\/h5>\n<h6>Rezension von Carsten Kuhr &#8211; <a href=\"http:\/\/www.phantastiknews.de\/joomla\/index.php?option=com_content&amp;view=article&amp;id=5115:meisterdetektive-1-sherlock-holmes-und-das-druidengrab-alisha-bionda-hrsg&amp;catid=42:rezensionen&amp;Itemid=62\" target=\"_blank\" rel=\"noopener noreferrer\">Phantastik-News.de<\/a><\/h6>\n<p>Das erste Presseecho zu &#8222;Sherlock Holmes und das Druidengrab&#8220; erschien bei Phantastik-News.de. Rezensent Carsten Kuhr gibt einen ausf\u00fchrlichen \u00dcberblick \u00fcber Art und Inhalt der Beitr\u00e4ge. Ich m\u00f6chte hier einige Ausz\u00fcge wiedergeben:<\/p>\n<blockquote><p><em>&#8222;<strong>Das reiht sich in den g\u00e4ngigen Holmes-Kanon ein, f\u00fcgt diesem interessante, vielschichtige F\u00e4lle hinzu, und bietet abwechslungsreiche Unterhaltung.<\/strong>&#8222;<\/em><\/p><\/blockquote>\n<p>Noch ein Zitat, welches mich nat\u00fcrlich besonders freut:<\/p>\n<blockquote><p><em>&#8222;<strong>Neben Klaus P. Walter, der mit seinen wie \u00fcblich sorgf\u00e4ltig recherchierten und mit jeder Menge an zeitgen\u00f6ssischen Anmerkungen gespickter Text mich sofort in seinen Bann zog, wussten insbesondere Tanya Carpenter und Guido Krain mit ihren Beitr\u00e4gen zu \u00fcberzeugen.<\/strong>&#8222;<\/em><\/p><\/blockquote>\n<hr \/>\n<h6><\/h6>\n<h6>Rezension von Elmar Huber- <a href=\"http:\/\/www.literra.info\/rezensionen\/rezension.php?id=7151\" target=\"_blank\" rel=\"noopener noreferrer\">LITERRA<\/a><\/h6>\n<blockquote>\n<address>SHERLOCK HOLMES UND DAS DRUIDENGRAB ist eine runde und sch\u00f6n gestaltete Sammlung klassisch und phantastisch anmutender Sherlock Holmes\u2013Geschichten geworden. Ein toller Reihenopener, der Appetit auf mehr macht.<\/address>\n<\/blockquote>\n<hr \/>\n<h6><\/h6>\n<h6>Rezension von Katrin Zill &#8211; women`s edition<\/h6>\n<p>Auch Katrin Zill ver\u00f6ffentlichte eine ausf\u00fchrliche Rezesnsion, \u00fcber die sich das gesamte Team sehr gefreut hat. Dabei fasste sie unter anderem auch meine Story mit folgenden Worten zusammen:<\/p>\n<blockquote><p>Holmes und Watson besuchen einen Freund des Doktors auf Castonhall und eigentlich h\u00e4tte dieses Wochenende sehr ruhig verlaufen k\u00f6nnen. Doch dann gibt es pl\u00f6tzlich einen Toten. Haben die Schlangen des Gastgebers ihre Giftz\u00e4hne in ein unschuldiges Opfer geschlagen? Oder sind hier andere M\u00e4chte am Werk? Der Autor hat hier eine klassische Detektiv-Geschichte entwickelt, in der die ganze Zeit etwas Mystisches mitschwingt, das einen nicht los l\u00e4sst. Der Schluss wirkt zun\u00e4chst einfach, doch in den letzten Zeilen wird der Kopf des Lesers noch einmal richtig verdreht &#8211; herrlich!<\/p><\/blockquote>\n<p>Am Ende kommt sie zu dem Fazit:<\/p>\n<blockquote><p>Insgesamt wird die Anthologie dem guten alten Holmes auf eine interessante und neue Weise gerecht, weil sie den Autoren genug Freiraum bietet, den Meisterdetektiv in bekanntem und unbekanntem Terrain agieren zu lassen. Es macht Spa\u00df, Geschichten zu lesen, die eben nicht wie aus der Feder Arthur Conan Doyles klingen, sondern Holmes und Watson einen anderen Anstrich verpassen, ohne die Figuren zu verfremden. Die Gratwanderung zwischen klassischem Krimi und Fantasie ist gelungen.<\/p><\/blockquote>\n<hr \/>\n<h6><\/h6>\n<h6>Rezension von Patricia Merkel &#8211; <a href=\"http:\/\/www.literra.info\/rezensionen\/rezension.php?id=5930\" target=\"_blank\" rel=\"noopener noreferrer\">LITERRA<\/a><\/h6>\n<p>Auf Literra hat Rezensentin Patricia Merkel sich mit der Anthologie &#8222;Sherlock Holmes und das Druidengrab&#8220; befasst. Die vollst\u00e4ndige Rezension ist auf <a href=\"http:\/\/www.literra.info\/rezensionen\/rezension.php?id=5930\" target=\"_blank\" rel=\"noopener noreferrer\">Literra<\/a> zu finden. Hier m\u00f6chte ich jedoch ein paar Zitate wiedergeben:<\/p>\n<blockquote>\n<address>&#8222;Eine gute Mischung an Bew\u00e4hrtem und Innovativem sorgt f\u00fcr abwechslungsreiche Unterhaltung.&#8220;<\/address>\n<\/blockquote>\n<p>Und:<\/p>\n<blockquote>\n<address>&#8222;Nicht immer findet sich eine rationale Erkl\u00e4rung des Geschehens. Doch auch das Paranormale steht Sherlock Holmes gut zu Gesicht. Darum eine Empfehlung f\u00fcr den Auftakt der MEISTERDETEKTIVE mit Sherlock Holmes und das Druidengrab!&#8220;<\/address>\n<\/blockquote>\n","protected":false},"excerpt":{"rendered":"<p>P\u00fcnktlich zum Sherlock Holmes Jahr 2012 startet mit &#8222;Sherlock Holmes und das Druidengrab&#8220; Alisha Biondas Reihe [&hellip;]<\/p>\n","protected":false},"author":1,"featured_media":0,"parent":0,"menu_order":0,"comment_status":"closed","ping_status":"closed","template":"","meta":[],"_links":{"self":[{"href":"http:\/\/krain.de\/index.php?rest_route=\/wp\/v2\/pages\/994"}],"collection":[{"href":"http:\/\/krain.de\/index.php?rest_route=\/wp\/v2\/pages"}],"about":[{"href":"http:\/\/krain.de\/index.php?rest_route=\/wp\/v2\/types\/page"}],"author":[{"embeddable":true,"href":"http:\/\/krain.de\/index.php?rest_route=\/wp\/v2\/users\/1"}],"replies":[{"embeddable":true,"href":"http:\/\/krain.de\/index.php?rest_route=%2Fwp%2Fv2%2Fcomments&post=994"}],"version-history":[{"count":7,"href":"http:\/\/krain.de\/index.php?rest_route=\/wp\/v2\/pages\/994\/revisions"}],"predecessor-version":[{"id":996,"href":"http:\/\/krain.de\/index.php?rest_route=\/wp\/v2\/pages\/994\/revisions\/996"}],"wp:attachment":[{"href":"http:\/\/krain.de\/index.php?rest_route=%2Fwp%2Fv2%2Fmedia&parent=994"}],"curies":[{"name":"wp","href":"https:\/\/api.w.org\/{rel}","templated":true}]}}