{"id":999,"date":"2019-09-06T10:12:57","date_gmt":"2019-09-06T10:12:57","guid":{"rendered":"http:\/\/krain.de\/?page_id=999"},"modified":"2019-09-06T10:20:11","modified_gmt":"2019-09-06T10:20:11","slug":"sherlock-holmes-und-die-tochter-des-henkers","status":"publish","type":"page","link":"http:\/\/krain.de\/?page_id=999","title":{"rendered":"Sherlock Holmes und die Tochter des Henkers"},"content":{"rendered":"<p><img loading=\"lazy\" class=\"alignleft wp-image-1001\" src=\"http:\/\/krain.de\/wp-content\/uploads\/2019\/09\/MD-3CovPrev.jpg\" alt=\"\" width=\"300\" height=\"480\" srcset=\"http:\/\/krain.de\/wp-content\/uploads\/2019\/09\/MD-3CovPrev.jpg 718w, http:\/\/krain.de\/wp-content\/uploads\/2019\/09\/MD-3CovPrev-187x300.jpg 187w, http:\/\/krain.de\/wp-content\/uploads\/2019\/09\/MD-3CovPrev-640x1024.jpg 640w\" sizes=\"(max-width: 300px) 100vw, 300px\" \/><\/p>\n<p>Nach meinem Beitrag &#8222;Der Gesichtslose von Chiddingstone&#8220; (erschienen in der Sherlock Holmes-Anthologie &#8222;Der verwunschene Sch\u00e4del&#8220;) habe ich Gefallen an dem englischen Meisterdetektiv gefunden. So freue ich mich Sherlock in Alisha Biondas neuer Reihe &#8222;Meisterdetektive&#8220;, in einer l\u00e4ngeren Novelle bei einem neuen Fall begleiten zu k\u00f6nnen. Band 1 der Reihe enth\u00e4lt \u00fcbrigens ebenfalls eine Geschichte von mir.<\/p>\n<p>Die Besonderheit dieses dritten Bandes liegt in der Herausforderung an die Autoren: Jede Novelle wird von einem Autoren-Duo erz\u00e4hlt &#8211; einmal aus der Sicht von Sherlock Holmes und einmal aus der von Dr.Watson. Da ich noch nie in dieser Weise gearbeitet habe, bin ich froh, bei meinem Beitrag die von mir sehr gesch\u00e4tzte Autorin Tanya Carpenter als Partnerin an meiner Seite zu wissen. Ich denke, unsere Geschichte &#8222;Sherlock Holmes und die Selbstm\u00f6rder von Harrogate&#8220; ist ein w\u00fcrdiger Beitrag zum Band geworden.<\/p>\n<hr \/>\n<p>Anthologie &#8211; Krimi<br \/>\nFabylon-Verlag<br \/>\n<a href=\"http:\/\/www.amazon.de\/gp\/product\/3927071773\/ref=as_li_tf_tl?ie=UTF8&amp;camp=1638&amp;creative=6742&amp;creativeASIN=3927071773&amp;linkCode=as2&amp;tag=fantasybuchde\" target=\"_blank\" rel=\"noopener noreferrer\"><strong>Paperback 14,90 \u20ac<\/strong><\/a><br \/>\nISBN 978-3-927071-77-3<br \/>\n<a href=\"http:\/\/www.amazon.de\/gp\/product\/B00ADSAT96\/ref=as_li_tf_tl?ie=UTF8&amp;camp=1638&amp;creative=6742&amp;creativeASIN=B00ADSAT96&amp;linkCode=as2&amp;tag=fantasybuchde\" target=\"_blank\" rel=\"noopener noreferrer\"><strong>eBook 3,99 \u20ac<\/strong><\/a><br \/>\nCovergrafik: Crossvalley Smith \/ Coverartwork: Atelier Bonzai<\/p>\n<h5>Klappentext<\/h5>\n<p><em>&#8222;Mein lieber Watson, die Windungen eines Frauengehirns, in denen es st\u00e4ndig von Emotionen wetterleuchtet, sind und bleiben r\u00e4tselhaft.&#8220;<br \/>\nSherlock Holmes &#8211; &#8222;<\/em> Die Tochter des Henkers&#8220;<\/p>\n<p>Die Autoren-Duos, in dem je einer die Rolle des Meisterdetektivs oder die seines Freundes Dr. Watson \u00fcbernahm &#8211; Tanya Carpenter &amp; Guido Krain, Erik Hauser &amp; Oliver Plaschka, D\u00e9sir\u00e9e &amp; Frank Hoese, Antje Ippensen &amp; Margret Schwekendiek &#8211; entf\u00fchren den Leser in spannende F\u00e4lle des klassischen Sherlock Holmes-Crimes.<br \/>\nOb es das R\u00e4tsel eines Rad fahrenden Affen zu l\u00f6sen gilt, mysteri\u00f6se Todesf\u00e4lle in einem Kurhotel, die Geschehnisse um die Tochter des Henkers von London, oder aber die elementare Frage zu kl\u00e4ren, ob es Sherlock Holmes nun wirklich gab.<br \/>\nAuf alles finden die Autoren eine spannende Antwort.<\/p>\n<hr \/>\n<h5><\/h5>\n<h5><strong>Mein <em>\/<\/em> Tanya Carpenters Beitrag &#8222;Die Selbstm\u00f6rder von Harrogate&#8220;:<\/strong><\/h5>\n<p>Ein elit\u00e4res Kurbad, weit abgelegen in der Provinz, verspricht Ruhe und Entspannung der besonders dauerhaften Art. Nach medizinischem Bad, Massagen und gesundem Essen schlie\u00dfen immer mehr G\u00e4ste ihren Aufenthalt mit einem beschaulichen Selbstmord ab. Zimmer 204 scheint hierf\u00fcr das ideale Ambiente zu bieten.<br \/>\nBesonders beunruhigend: Jeder der Verstorbenen ist offenbar aufgrund einer Einladung zum gem\u00fctlichen Selbstmord angereist. Als auch Sherlock Holmes eine solche Aufforderung zugestellt wird, ist er au\u00dferordentlich erfreut. Wann bietet sich einem Meisterdetektiv schon einmal die Gelegenheit, das eigene Ableben aufzukl\u00e4ren?<\/p>\n<hr \/>\n<p>&nbsp;<\/p>\n<h5><strong>Pressestimmen:<\/strong><\/h5>\n<h6>Rezension von Martina Sprenger &#8211; <a href=\"http:\/\/schreib-lust.de\/leselust\/rezension.php?id=3079\" target=\"_blank\" rel=\"noopener noreferrer\">Schreib-lust.de<\/a><\/h6>\n<p>Der Schreiblust-Verlag hat auf seiner Homepage eine &#8222;Leselust&#8220;-Ecke, in der er auf gelungene B\u00fccher der Konkurrenz aufmerksam macht. Dort ist eine sehr positive Rezension f\u00fcr die Anthologie &#8222;Sherlock Holmes und die Tochter des Henkers&#8220; erschienen. Rezensentin Martina Sprenger zieht das Fazit:<\/p>\n<blockquote><p><em><strong>&#8222;Originelles und \u00e4u\u00dferst unterhaltsames Lesevergn\u00fcgen, nicht nur f\u00fcr Fans von Sherlock Holmes.&#8220;<\/strong><\/em><\/p><\/blockquote>\n<hr \/>\n<h6><\/h6>\n<h6>Rezension von Gunda Plewe- <a href=\"http:\/\/www.literra.info\/rezensionen\/rezension.php?id=6251\" target=\"_blank\" rel=\"noopener noreferrer\">LITERRA<\/a><\/h6>\n<p>Auch Gunda Plewe hat sich f\u00fcr LITERRA sehr eingehend mit der Anthologie gefasst. Tanya und ich haben uns sehr \u00fcber ihre Meinung zu unserem Beztrag gefreut.<\/p>\n<blockquote>\n<address>Je mehr ich von Guido Krain und Tanya Carpenter lese, desto begeisterter bin ich! Ausgerechnet diese beiden Autoren an eine Geschichte zu setzen, war eine sehr sch\u00f6ne Idee, deren Umsetzung mir eben wegen der Abweichungen vom \u00fcblichen Muster sehr gut gefallen hat. Sie hat einen eigenen Tonfall, und die Atmosph\u00e4re ist d\u00fcster und luftig gleichzeitig. Die D\u00fcsternis beruht nicht allein auf den Selbstmorden, sondern vielmehr auf der geschickt hineingewebten Hintergrundgeschichte, einem Kennzeichen jedes guten Krimis. Die Leichtigkeit hingegen l\u00e4sst sich nicht durch Holmes amour\u00f6se Offenheit erkl\u00e4ren, sondern durch das Augenzwinkern, das sich durch die gesamte Geschichte zieht. Dies ist meine Lieblingsgeschichte!<\/address>\n<\/blockquote>\n<p>Aber auch der Rest der Anthologie hat die Rezensentin wohl alles andere als entt\u00e4uscht:<\/p>\n<blockquote><p>&#8222;Sherlock Holmes und die Tochter des Henkers&#8220; ist eine gelungene Mischung, bei der alle Geschichten auf ihre eigene Art \u00fcberzeugen. Eine Bereicherung sind, wie immer, die Innengrafiken des K\u00fcnstlers Crossvalley Smith, die den Band noch einmal aufwerten.<\/p><\/blockquote>\n<hr \/>\n<h6><\/h6>\n<h6>Rezezension von Edith Oxenbauer &#8211; <a href=\"http:\/\/www.t-arts.de\/3-magazin\/rezensionen\/fabylon_verlag-sherlock_holmes_und_die_tochter_des_henkers\/\" target=\"_blank\" rel=\"noopener noreferrer\">t-arts.de<\/a><\/h6>\n<p>Auf t-arts.de ist eine weitere Rezension f\u00fcr &#8222;Sherlock Holmes und die Tochter des Henkers&#8220; erschienen. Rezensentin Edith Oxenbauer stellt uns gute Noten aus. Ihr Fazit:<\/p>\n<blockquote>\n<address><strong>&#8222;Ein unterhaltsamer Krimi und sehr zu empfehlen.&#8220;<\/strong><\/address>\n<\/blockquote>\n<hr \/>\n<h6><\/h6>\n<h6>Rezension von Elmar Huber &#8211; <a href=\"http:\/\/www.literra.info\/rezensionen\/rezension.php?id=6180\" target=\"_blank\" rel=\"noopener noreferrer\">LITERRA<\/a><\/h6>\n<p>Elmar Huber hat f\u00fcr das Literaturportal <a href=\"http:\/\/www.literra.info\/rezensionen\/rezension.php?id=6180\" target=\"_blank\" rel=\"noopener noreferrer\">Literra<\/a> die Anthologie &#8222;Sherlock Holmes und die Tochter des Henkers&#8220; rezensiert. Sein Fazit:<\/p>\n<blockquote>\n<address>&#8222;Vier Sherlock Holmes\/John Watson-Geschichten von vier verschiedenen Autorenpaaren in gewohnt sch\u00f6ner Aufmachung. Ein gelungenes Experiment, das gerne wiederholt werden darf.&#8220;<\/address>\n<\/blockquote>\n<p>&nbsp;<\/p>\n","protected":false},"excerpt":{"rendered":"<p>Nach meinem Beitrag &#8222;Der Gesichtslose von Chiddingstone&#8220; (erschienen in der Sherlock Holmes-Anthologie &#8222;Der verwunschene Sch\u00e4del&#8220;) habe [&hellip;]<\/p>\n","protected":false},"author":1,"featured_media":0,"parent":0,"menu_order":0,"comment_status":"closed","ping_status":"closed","template":"","meta":[],"_links":{"self":[{"href":"http:\/\/krain.de\/index.php?rest_route=\/wp\/v2\/pages\/999"}],"collection":[{"href":"http:\/\/krain.de\/index.php?rest_route=\/wp\/v2\/pages"}],"about":[{"href":"http:\/\/krain.de\/index.php?rest_route=\/wp\/v2\/types\/page"}],"author":[{"embeddable":true,"href":"http:\/\/krain.de\/index.php?rest_route=\/wp\/v2\/users\/1"}],"replies":[{"embeddable":true,"href":"http:\/\/krain.de\/index.php?rest_route=%2Fwp%2Fv2%2Fcomments&post=999"}],"version-history":[{"count":8,"href":"http:\/\/krain.de\/index.php?rest_route=\/wp\/v2\/pages\/999\/revisions"}],"predecessor-version":[{"id":1003,"href":"http:\/\/krain.de\/index.php?rest_route=\/wp\/v2\/pages\/999\/revisions\/1003"}],"wp:attachment":[{"href":"http:\/\/krain.de\/index.php?rest_route=%2Fwp%2Fv2%2Fmedia&parent=999"}],"curies":[{"name":"wp","href":"https:\/\/api.w.org\/{rel}","templated":true}]}}